{"id":27746,"date":"2021-08-11T11:20:20","date_gmt":"2021-08-11T08:20:20","guid":{"rendered":"https:\/\/ddt.lv\/lv\/product\/lukturis-led-10w-ar-rokturi-3xaa-xm-l2-500lm-vorel\/"},"modified":"2026-04-13T09:57:21","modified_gmt":"2026-04-13T06:57:21","slug":"lukturis-led-10w-ar-rokturi-3xaa-xm-l2-500lm-vorel","status":"publish","type":"product","link":"https:\/\/ddt.lv\/lv\/product\/lukturis-led-10w-ar-rokturi-3xaa-xm-l2-500lm-vorel\/","title":{"rendered":"Lukturis LED 10W ar rokturi (3xAA) XM-L2 500lm VOREL"},"content":{"rendered":"<p>Apr\u012bkots ar slaven\u0101s z\u012bmola CREE XM-L2 lieljaudas 10W diod\u0113m<br \/>\nT\u0101s rada gaismas pl\u016bsmu l\u012bdz 500 lm.<br \/>\nIztur\u012bgs alum\u012bnija korpuss.<br \/>\nFunkcion\u0101ls, mas\u012bvs rokturis ar gumijotu pogu.<br \/>\n3 apgaismojuma re\u017e\u012bmi: pamata, ekonomiskais, puls\u0113jo\u0161ais.<br \/>\nLukturi darbina 3 x AA baterijas (nav iek\u013cautas komplekt\u0101)<\/p>","protected":false},"excerpt":{"rendered":"<p>Apr\u012bkots ar slaven\u0101s z\u012bmola CREE XM-L2 lieljaudas 10W diod\u0113m T\u0101s rada gaismas pl\u016bsmu l\u012bdz 500 lm. Iztur\u012bgs alum\u012bnija korpuss. Funkcion\u0101ls, mas\u012bvs rokturis ar gumijotu pogu. 3 apgaismojuma re\u017e\u012bmi: pamata, ekonomiskais, puls\u0113jo\u0161ais. Lukturi darbina 3 x AA baterijas (nav iek\u013cautas komplekt\u0101)<\/p>\n","protected":false},"featured_media":27747,"comment_status":"closed","ping_status":"closed","template":"","meta":{"inline_featured_image":false},"product_cat":[727,726],"product_tag":[],"yst_prominent_words":[],"class_list":{"0":"post-27746","1":"product","2":"type-product","3":"status-publish","4":"has-post-thumbnail","6":"product_cat-galvas","7":"product_cat-kabatas","9":"first","10":"instock","11":"taxable","12":"shipping-taxable","13":"purchasable","14":"product-type-simple"},"jetpack_sharing_enabled":true,"_links":{"self":[{"href":"https:\/\/ddt.lv\/lv\/wp-json\/wp\/v2\/product\/27746"}],"collection":[{"href":"https:\/\/ddt.lv\/lv\/wp-json\/wp\/v2\/product"}],"about":[{"href":"https:\/\/ddt.lv\/lv\/wp-json\/wp\/v2\/types\/product"}],"replies":[{"embeddable":true,"href":"https:\/\/ddt.lv\/lv\/wp-json\/wp\/v2\/comments?post=27746"}],"wp:featuredmedia":[{"embeddable":true,"href":"https:\/\/ddt.lv\/lv\/wp-json\/wp\/v2\/media\/27747"}],"wp:attachment":[{"href":"https:\/\/ddt.lv\/lv\/wp-json\/wp\/v2\/media?parent=27746"}],"wp:term":[{"taxonomy":"product_cat","embeddable":true,"href":"https:\/\/ddt.lv\/lv\/wp-json\/wp\/v2\/product_cat?post=27746"},{"taxonomy":"product_tag","embeddable":true,"href":"https:\/\/ddt.lv\/lv\/wp-json\/wp\/v2\/product_tag?post=27746"},{"taxonomy":"yst_prominent_words","embeddable":true,"href":"https:\/\/ddt.lv\/lv\/wp-json\/wp\/v2\/yst_prominent_words?post=27746"}],"curies":[{"name":"wp","href":"https:\/\/api.w.org\/{rel}","templated":true}]}}