{"id":27607,"date":"2021-08-04T15:10:27","date_gmt":"2021-08-04T12:10:27","guid":{"rendered":"https:\/\/ddt.lv\/lv\/product\/sledzis-1p-ar-taustinu-ip20-10a-virs-apmetuma-forix-krems-legrand\/"},"modified":"2026-04-13T09:47:38","modified_gmt":"2026-04-13T06:47:38","slug":"sledzis-1p-ar-taustinu-ip20-10a-virs-apmetuma-forix-krems-legrand","status":"publish","type":"product","link":"https:\/\/ddt.lv\/lv\/product\/sledzis-1p-ar-taustinu-ip20-10a-virs-apmetuma-forix-krems-legrand\/","title":{"rendered":"Sl\u0113dzis 1P ar tausti\u0146u IP20 10A virs apmetuma FORIX kr\u0113ms Legrand"},"content":{"rendered":"<p>Vienvirziena sl\u0113dzis Forix &#8211; mont\u0101\u017ea uz virsmas &#8211; IP20 &#8211; 10 A 250 V ~ &#8211; zilo\u0146kauls<\/p>","protected":false},"excerpt":{"rendered":"<p>Vienvirziena sl\u0113dzis Forix &#8211; mont\u0101\u017ea uz virsmas &#8211; IP20 &#8211; 10 A 250 V ~ &#8211; zilo\u0146kauls<\/p>\n","protected":false},"featured_media":27616,"comment_status":"closed","ping_status":"closed","template":"","meta":{"inline_featured_image":false},"product_cat":[1302],"product_tag":[],"yst_prominent_words":[],"class_list":{"0":"post-27607","1":"product","2":"type-product","3":"status-publish","4":"has-post-thumbnail","6":"product_cat-sledzi","8":"first","9":"instock","10":"taxable","11":"shipping-taxable","12":"purchasable","13":"product-type-simple"},"jetpack_sharing_enabled":true,"_links":{"self":[{"href":"https:\/\/ddt.lv\/lv\/wp-json\/wp\/v2\/product\/27607"}],"collection":[{"href":"https:\/\/ddt.lv\/lv\/wp-json\/wp\/v2\/product"}],"about":[{"href":"https:\/\/ddt.lv\/lv\/wp-json\/wp\/v2\/types\/product"}],"replies":[{"embeddable":true,"href":"https:\/\/ddt.lv\/lv\/wp-json\/wp\/v2\/comments?post=27607"}],"wp:featuredmedia":[{"embeddable":true,"href":"https:\/\/ddt.lv\/lv\/wp-json\/wp\/v2\/media\/27616"}],"wp:attachment":[{"href":"https:\/\/ddt.lv\/lv\/wp-json\/wp\/v2\/media?parent=27607"}],"wp:term":[{"taxonomy":"product_cat","embeddable":true,"href":"https:\/\/ddt.lv\/lv\/wp-json\/wp\/v2\/product_cat?post=27607"},{"taxonomy":"product_tag","embeddable":true,"href":"https:\/\/ddt.lv\/lv\/wp-json\/wp\/v2\/product_tag?post=27607"},{"taxonomy":"yst_prominent_words","embeddable":true,"href":"https:\/\/ddt.lv\/lv\/wp-json\/wp\/v2\/yst_prominent_words?post=27607"}],"curies":[{"name":"wp","href":"https:\/\/api.w.org\/{rel}","templated":true}]}}