{"id":27606,"date":"2021-08-04T15:10:25","date_gmt":"2021-08-04T12:10:25","guid":{"rendered":"https:\/\/ddt.lv\/lv\/product\/sledzis-1p-ar-taustinu-ip20-10a-virs-apmetuma-forix-balts-legrand\/"},"modified":"2026-04-13T09:47:38","modified_gmt":"2026-04-13T06:47:38","slug":"sledzis-1p-ar-taustinu-ip20-10a-virs-apmetuma-forix-balts-legrand","status":"publish","type":"product","link":"https:\/\/ddt.lv\/lv\/product\/sledzis-1p-ar-taustinu-ip20-10a-virs-apmetuma-forix-balts-legrand\/","title":{"rendered":"Sl\u0113dzis 1P ar tausti\u0146u IP20 10A virs apmetuma FORIX balts Legrand"},"content":{"rendered":"<p>Vienvirziena sl\u0113dzis Forix &#8211; mont\u0101\u017ea uz virsmas &#8211; IP20 &#8211; 10 A 250 V ~ &#8211; balta<\/p>","protected":false},"excerpt":{"rendered":"<p>Vienvirziena sl\u0113dzis Forix &#8211; mont\u0101\u017ea uz virsmas &#8211; IP20 &#8211; 10 A 250 V ~ &#8211; balta<\/p>\n","protected":false},"featured_media":27614,"comment_status":"closed","ping_status":"closed","template":"","meta":{"inline_featured_image":false},"product_cat":[1302],"product_tag":[],"yst_prominent_words":[],"class_list":{"0":"post-27606","1":"product","2":"type-product","3":"status-publish","4":"has-post-thumbnail","6":"product_cat-sledzi","8":"first","9":"instock","10":"taxable","11":"shipping-taxable","12":"purchasable","13":"product-type-simple"},"jetpack_sharing_enabled":true,"_links":{"self":[{"href":"https:\/\/ddt.lv\/lv\/wp-json\/wp\/v2\/product\/27606"}],"collection":[{"href":"https:\/\/ddt.lv\/lv\/wp-json\/wp\/v2\/product"}],"about":[{"href":"https:\/\/ddt.lv\/lv\/wp-json\/wp\/v2\/types\/product"}],"replies":[{"embeddable":true,"href":"https:\/\/ddt.lv\/lv\/wp-json\/wp\/v2\/comments?post=27606"}],"wp:featuredmedia":[{"embeddable":true,"href":"https:\/\/ddt.lv\/lv\/wp-json\/wp\/v2\/media\/27614"}],"wp:attachment":[{"href":"https:\/\/ddt.lv\/lv\/wp-json\/wp\/v2\/media?parent=27606"}],"wp:term":[{"taxonomy":"product_cat","embeddable":true,"href":"https:\/\/ddt.lv\/lv\/wp-json\/wp\/v2\/product_cat?post=27606"},{"taxonomy":"product_tag","embeddable":true,"href":"https:\/\/ddt.lv\/lv\/wp-json\/wp\/v2\/product_tag?post=27606"},{"taxonomy":"yst_prominent_words","embeddable":true,"href":"https:\/\/ddt.lv\/lv\/wp-json\/wp\/v2\/yst_prominent_words?post=27606"}],"curies":[{"name":"wp","href":"https:\/\/api.w.org\/{rel}","templated":true}]}}