{"id":27604,"date":"2021-08-04T15:10:24","date_gmt":"2021-08-04T12:10:24","guid":{"rendered":"https:\/\/ddt.lv\/lv\/product\/kontaktligzda-ar-zemejumu-2p-e-ip55-16a-250v-virs-apmetuma-plexo-peleka-legrand\/"},"modified":"2026-04-08T14:27:09","modified_gmt":"2026-04-08T11:27:09","slug":"kontaktligzda-ar-zemejumu-2p-e-ip55-16a-250v-virs-apmetuma-plexo-peleka-legrand","status":"publish","type":"product","link":"https:\/\/ddt.lv\/lv\/product\/kontaktligzda-ar-zemejumu-2p-e-ip55-16a-250v-virs-apmetuma-plexo-peleka-legrand\/","title":{"rendered":"Kontaktligzda ar zem\u0113jumu 2P+E IP55 16A\/250V virs apmetuma PLEXO pel\u0113ka Legrand"},"content":{"rendered":"<p>Kontaktligzda Plexo IP55 &#8211; V\u0101cijas standarts &#8211; 16 A &#8211; 2P+E &#8211; mont\u0101\u017ea uz virsmas &#8211; pel\u0113ka<\/p>","protected":false},"excerpt":{"rendered":"<p>Kontaktligzda Plexo IP55 &#8211; V\u0101cijas standarts &#8211; 16 A &#8211; 2P+E &#8211; mont\u0101\u017ea uz virsmas &#8211; pel\u0113ka<\/p>\n","protected":false},"featured_media":27617,"comment_status":"closed","ping_status":"closed","template":"","meta":{"inline_featured_image":false},"product_cat":[1301],"product_tag":[],"yst_prominent_words":[],"class_list":{"0":"post-27604","1":"product","2":"type-product","3":"status-publish","4":"has-post-thumbnail","6":"product_cat-rozetes","8":"first","9":"instock","10":"taxable","11":"shipping-taxable","12":"purchasable","13":"product-type-simple"},"jetpack_sharing_enabled":true,"_links":{"self":[{"href":"https:\/\/ddt.lv\/lv\/wp-json\/wp\/v2\/product\/27604"}],"collection":[{"href":"https:\/\/ddt.lv\/lv\/wp-json\/wp\/v2\/product"}],"about":[{"href":"https:\/\/ddt.lv\/lv\/wp-json\/wp\/v2\/types\/product"}],"replies":[{"embeddable":true,"href":"https:\/\/ddt.lv\/lv\/wp-json\/wp\/v2\/comments?post=27604"}],"wp:featuredmedia":[{"embeddable":true,"href":"https:\/\/ddt.lv\/lv\/wp-json\/wp\/v2\/media\/27617"}],"wp:attachment":[{"href":"https:\/\/ddt.lv\/lv\/wp-json\/wp\/v2\/media?parent=27604"}],"wp:term":[{"taxonomy":"product_cat","embeddable":true,"href":"https:\/\/ddt.lv\/lv\/wp-json\/wp\/v2\/product_cat?post=27604"},{"taxonomy":"product_tag","embeddable":true,"href":"https:\/\/ddt.lv\/lv\/wp-json\/wp\/v2\/product_tag?post=27604"},{"taxonomy":"yst_prominent_words","embeddable":true,"href":"https:\/\/ddt.lv\/lv\/wp-json\/wp\/v2\/yst_prominent_words?post=27604"}],"curies":[{"name":"wp","href":"https:\/\/api.w.org\/{rel}","templated":true}]}}