{"id":27601,"date":"2021-08-04T15:10:21","date_gmt":"2021-08-04T12:10:21","guid":{"rendered":"https:\/\/ddt.lv\/lv\/product\/dubultais-sledzis-ar-taustinu-10a-ip20-v-a-forix-krems-legrand\/"},"modified":"2026-04-13T09:47:39","modified_gmt":"2026-04-13T06:47:39","slug":"dubultais-sledzis-ar-taustinu-10a-ip20-v-a-forix-krems-legrand","status":"publish","type":"product","link":"https:\/\/ddt.lv\/lv\/product\/dubultais-sledzis-ar-taustinu-10a-ip20-v-a-forix-krems-legrand\/","title":{"rendered":"Dubultais sl\u0113dzis ar tausti\u0146u 10A IP20 v\/a  FORIX kr\u0113ms Legrand"},"content":{"rendered":"<p>2 virzienu vienvirziena sl\u0113dzis Forix &#8211; virsmas mont\u0101\u017ea &#8211; IP2X &#8211; 10 AX 250 V ~ &#8211; zilo\u0146kauls<\/p>\n<p><\/p>","protected":false},"excerpt":{"rendered":"<p>2 virzienu vienvirziena sl\u0113dzis Forix &#8211; virsmas mont\u0101\u017ea &#8211; IP2X &#8211; 10 AX 250 V ~ &#8211; zilo\u0146kauls<\/p>\n","protected":false},"featured_media":27620,"comment_status":"closed","ping_status":"closed","template":"","meta":{"inline_featured_image":false},"product_cat":[1302],"product_tag":[],"yst_prominent_words":[],"class_list":{"0":"post-27601","1":"product","2":"type-product","3":"status-publish","4":"has-post-thumbnail","6":"product_cat-sledzi","8":"first","9":"instock","10":"taxable","11":"shipping-taxable","12":"purchasable","13":"product-type-simple"},"jetpack_sharing_enabled":true,"_links":{"self":[{"href":"https:\/\/ddt.lv\/lv\/wp-json\/wp\/v2\/product\/27601"}],"collection":[{"href":"https:\/\/ddt.lv\/lv\/wp-json\/wp\/v2\/product"}],"about":[{"href":"https:\/\/ddt.lv\/lv\/wp-json\/wp\/v2\/types\/product"}],"replies":[{"embeddable":true,"href":"https:\/\/ddt.lv\/lv\/wp-json\/wp\/v2\/comments?post=27601"}],"wp:featuredmedia":[{"embeddable":true,"href":"https:\/\/ddt.lv\/lv\/wp-json\/wp\/v2\/media\/27620"}],"wp:attachment":[{"href":"https:\/\/ddt.lv\/lv\/wp-json\/wp\/v2\/media?parent=27601"}],"wp:term":[{"taxonomy":"product_cat","embeddable":true,"href":"https:\/\/ddt.lv\/lv\/wp-json\/wp\/v2\/product_cat?post=27601"},{"taxonomy":"product_tag","embeddable":true,"href":"https:\/\/ddt.lv\/lv\/wp-json\/wp\/v2\/product_tag?post=27601"},{"taxonomy":"yst_prominent_words","embeddable":true,"href":"https:\/\/ddt.lv\/lv\/wp-json\/wp\/v2\/yst_prominent_words?post=27601"}],"curies":[{"name":"wp","href":"https:\/\/api.w.org\/{rel}","templated":true}]}}