{"id":27597,"date":"2021-08-04T15:10:17","date_gmt":"2021-08-04T12:10:17","guid":{"rendered":"https:\/\/ddt.lv\/lv\/product\/zvaigznes-sleguma-tv-kontaktligzda-valena-balts-legrand\/"},"modified":"2026-04-13T09:57:48","modified_gmt":"2026-04-13T06:57:48","slug":"zvaigznes-sleguma-tv-kontaktligzda-valena-balts-legrand","status":"publish","type":"product","link":"https:\/\/ddt.lv\/lv\/product\/zvaigznes-sleguma-tv-kontaktligzda-valena-balts-legrand\/","title":{"rendered":"Zvaigznes sl\u0113guma TV kontaktligzda VALENA balts Legrand"},"content":{"rendered":"<p>Standarta sadales k\u0101rb\u0101 ir uzst\u0101d\u012bts balts TV ligzda 2400 MHz ar v\u0101jin\u0101jumu maz\u0101k nek\u0101 1,5 dB. Kontaktligzdas v\u0101ks ir izgatavots no termoplastiskas. Vienk\u0101r\u0161as TV kontaktligzdas tiek izmantotas, lai pievienotu TV kabeli, vadot kabe\u013cu t\u012bklu m\u0101j\u0101 p\u0113c &#8220;zvaigznes&#8221; principa. Citiem v\u0101rdiem sakot, kabelis no antenas ir savienots ar dal\u012bt\u0101ju, un no t\u0101 stari caur telp\u0101m izstaro kontaktligzdas. \u0160\u012b ir visizplat\u012bt\u0101k\u0101 un efekt\u012bv\u0101k\u0101 sh\u0113ma.<\/p>","protected":false},"excerpt":{"rendered":"<p>Standarta sadales k\u0101rb\u0101 ir uzst\u0101d\u012bts balts TV ligzda 2400 MHz ar v\u0101jin\u0101jumu maz\u0101k nek\u0101 1,5 dB. Kontaktligzdas v\u0101ks ir izgatavots no termoplastiskas. Vienk\u0101r\u0161as TV kontaktligzdas tiek izmantotas, lai pievienotu TV kabeli, vadot kabe\u013cu t\u012bklu m\u0101j\u0101 p\u0113c &#8220;zvaigznes&#8221; principa. Citiem v\u0101rdiem sakot, kabelis no antenas ir savienots ar dal\u012bt\u0101ju, un no t\u0101 stari caur telp\u0101m izstaro [&hellip;]<\/p>\n","protected":false},"featured_media":27624,"comment_status":"closed","ping_status":"closed","template":"","meta":{"inline_featured_image":false},"product_cat":[1305,772],"product_tag":[],"yst_prominent_words":[],"class_list":{"0":"post-27597","1":"product","2":"type-product","3":"status-publish","4":"has-post-thumbnail","6":"product_cat-tv-ligzdas","7":"product_cat-atlaides","9":"first","10":"instock","11":"sale","12":"taxable","13":"shipping-taxable","14":"purchasable","15":"product-type-simple"},"jetpack_sharing_enabled":true,"_links":{"self":[{"href":"https:\/\/ddt.lv\/lv\/wp-json\/wp\/v2\/product\/27597"}],"collection":[{"href":"https:\/\/ddt.lv\/lv\/wp-json\/wp\/v2\/product"}],"about":[{"href":"https:\/\/ddt.lv\/lv\/wp-json\/wp\/v2\/types\/product"}],"replies":[{"embeddable":true,"href":"https:\/\/ddt.lv\/lv\/wp-json\/wp\/v2\/comments?post=27597"}],"wp:featuredmedia":[{"embeddable":true,"href":"https:\/\/ddt.lv\/lv\/wp-json\/wp\/v2\/media\/27624"}],"wp:attachment":[{"href":"https:\/\/ddt.lv\/lv\/wp-json\/wp\/v2\/media?parent=27597"}],"wp:term":[{"taxonomy":"product_cat","embeddable":true,"href":"https:\/\/ddt.lv\/lv\/wp-json\/wp\/v2\/product_cat?post=27597"},{"taxonomy":"product_tag","embeddable":true,"href":"https:\/\/ddt.lv\/lv\/wp-json\/wp\/v2\/product_tag?post=27597"},{"taxonomy":"yst_prominent_words","embeddable":true,"href":"https:\/\/ddt.lv\/lv\/wp-json\/wp\/v2\/yst_prominent_words?post=27597"}],"curies":[{"name":"wp","href":"https:\/\/api.w.org\/{rel}","templated":true}]}}