{"id":27596,"date":"2021-08-04T15:10:16","date_gmt":"2021-08-04T12:10:16","guid":{"rendered":"https:\/\/ddt.lv\/lv\/product\/27596\/"},"modified":"2026-04-13T09:47:29","modified_gmt":"2026-04-13T06:47:29","slug":"27596","status":"publish","type":"product","link":"https:\/\/ddt.lv\/lv\/product\/27596\/","title":{"rendered":"Virsapmetuma k\u0101rba CARIVA KR\u0112MS Legrand"},"content":{"rendered":"<p>Virspus\u0113 mont\u0113jama kaste &#8211; Cariva &#8211; augstums 41 mm &#8211; zilo\u0146kaula kr\u0101sa<\/p>","protected":false},"excerpt":{"rendered":"<p>Virspus\u0113 mont\u0113jama kaste &#8211; Cariva &#8211; augstums 41 mm &#8211; zilo\u0146kaula kr\u0101sa<\/p>\n","protected":false},"featured_media":27625,"comment_status":"closed","ping_status":"closed","template":"","meta":{"inline_featured_image":false},"product_cat":[1307,772],"product_tag":[],"yst_prominent_words":[],"class_list":{"0":"post-27596","1":"product","2":"type-product","3":"status-publish","4":"has-post-thumbnail","6":"product_cat-karbas-virsapmetuma-montazai","7":"product_cat-atlaides","9":"first","10":"instock","11":"sale","12":"taxable","13":"shipping-taxable","14":"purchasable","15":"product-type-simple"},"jetpack_sharing_enabled":true,"_links":{"self":[{"href":"https:\/\/ddt.lv\/lv\/wp-json\/wp\/v2\/product\/27596"}],"collection":[{"href":"https:\/\/ddt.lv\/lv\/wp-json\/wp\/v2\/product"}],"about":[{"href":"https:\/\/ddt.lv\/lv\/wp-json\/wp\/v2\/types\/product"}],"replies":[{"embeddable":true,"href":"https:\/\/ddt.lv\/lv\/wp-json\/wp\/v2\/comments?post=27596"}],"wp:featuredmedia":[{"embeddable":true,"href":"https:\/\/ddt.lv\/lv\/wp-json\/wp\/v2\/media\/27625"}],"wp:attachment":[{"href":"https:\/\/ddt.lv\/lv\/wp-json\/wp\/v2\/media?parent=27596"}],"wp:term":[{"taxonomy":"product_cat","embeddable":true,"href":"https:\/\/ddt.lv\/lv\/wp-json\/wp\/v2\/product_cat?post=27596"},{"taxonomy":"product_tag","embeddable":true,"href":"https:\/\/ddt.lv\/lv\/wp-json\/wp\/v2\/product_tag?post=27596"},{"taxonomy":"yst_prominent_words","embeddable":true,"href":"https:\/\/ddt.lv\/lv\/wp-json\/wp\/v2\/yst_prominent_words?post=27596"}],"curies":[{"name":"wp","href":"https:\/\/api.w.org\/{rel}","templated":true}]}}