{"id":27595,"date":"2021-08-04T15:10:15","date_gmt":"2021-08-04T12:10:15","guid":{"rendered":"https:\/\/ddt.lv\/lv\/product\/tasta-4-gaismas-dimmers-400w-valena-krems-legrand\/"},"modified":"2026-04-13T09:50:38","modified_gmt":"2026-04-13T06:50:38","slug":"tasta-4-gaismas-dimmers-400w-valena-krems-legrand","status":"publish","type":"product","link":"https:\/\/ddt.lv\/lv\/product\/tasta-4-gaismas-dimmers-400w-valena-krems-legrand\/","title":{"rendered":"Tasta 4 gaismas dimmers 400W VALENA Kr\u0113ms Legrand"},"content":{"rendered":"<p>Regulators pretest\u012bbas (R), indukt\u012bv\u0101s (L) vai kapacitat\u012bv\u0101s (C) slodz\u0113m.<br \/>\nDivu vadu spiedpogas dimmeri ir paredz\u0113ti, lai kontrol\u0113tu un aptum\u0161otu galveno veidu lampas<\/p>","protected":false},"excerpt":{"rendered":"<p>Regulators pretest\u012bbas (R), indukt\u012bv\u0101s (L) vai kapacitat\u012bv\u0101s (C) slodz\u0113m. Divu vadu spiedpogas dimmeri ir paredz\u0113ti, lai kontrol\u0113tu un aptum\u0161otu galveno veidu lampas<\/p>\n","protected":false},"featured_media":27626,"comment_status":"closed","ping_status":"closed","template":"","meta":{"inline_featured_image":false},"product_cat":[1304,772],"product_tag":[],"yst_prominent_words":[],"class_list":{"0":"post-27595","1":"product","2":"type-product","3":"status-publish","4":"has-post-thumbnail","6":"product_cat-dimmeri","7":"product_cat-atlaides","9":"first","10":"instock","11":"sale","12":"taxable","13":"shipping-taxable","14":"purchasable","15":"product-type-simple"},"jetpack_sharing_enabled":true,"_links":{"self":[{"href":"https:\/\/ddt.lv\/lv\/wp-json\/wp\/v2\/product\/27595"}],"collection":[{"href":"https:\/\/ddt.lv\/lv\/wp-json\/wp\/v2\/product"}],"about":[{"href":"https:\/\/ddt.lv\/lv\/wp-json\/wp\/v2\/types\/product"}],"replies":[{"embeddable":true,"href":"https:\/\/ddt.lv\/lv\/wp-json\/wp\/v2\/comments?post=27595"}],"wp:featuredmedia":[{"embeddable":true,"href":"https:\/\/ddt.lv\/lv\/wp-json\/wp\/v2\/media\/27626"}],"wp:attachment":[{"href":"https:\/\/ddt.lv\/lv\/wp-json\/wp\/v2\/media?parent=27595"}],"wp:term":[{"taxonomy":"product_cat","embeddable":true,"href":"https:\/\/ddt.lv\/lv\/wp-json\/wp\/v2\/product_cat?post=27595"},{"taxonomy":"product_tag","embeddable":true,"href":"https:\/\/ddt.lv\/lv\/wp-json\/wp\/v2\/product_tag?post=27595"},{"taxonomy":"yst_prominent_words","embeddable":true,"href":"https:\/\/ddt.lv\/lv\/wp-json\/wp\/v2\/yst_prominent_words?post=27595"}],"curies":[{"name":"wp","href":"https:\/\/api.w.org\/{rel}","templated":true}]}}