{"id":27594,"date":"2021-08-04T15:10:14","date_gmt":"2021-08-04T12:10:14","guid":{"rendered":"https:\/\/ddt.lv\/lv\/product\/tv-rd-sat-gala-sleguma-kontaktigzda-vajinajajums-10-db-valena-krems-legrand\/"},"modified":"2026-04-06T10:57:50","modified_gmt":"2026-04-06T07:57:50","slug":"tv-rd-sat-gala-sleguma-kontaktigzda-vajinajajums-10-db-valena-krems-legrand","status":"publish","type":"product","link":"https:\/\/ddt.lv\/lv\/product\/tv-rd-sat-gala-sleguma-kontaktigzda-vajinajajums-10-db-valena-krems-legrand\/","title":{"rendered":"TV-RD-SAT gala sl\u0113guma kontaktigzda, v\u0101jin\u0101j\u0101jums 10 dB, VALENA kr\u0113ms Legrand"},"content":{"rendered":"<p>To izmanto, lai aizv\u0113rtu cilpu cauri, t.i. tas ir novietots p\u0113c kontaktligzdas, to var izmantot k\u0101 vienk\u0101r\u0161u.<\/p>\n<p>SAT savienot\u0101js tiek izmantots, lai savienotu satel\u012bta TV.<\/p>\n<p>R savienot\u0101ju var izmantot, lai savienotu ier\u012bces ar ieb\u016bv\u0113tu FM uztv\u0113r\u0113ju.<\/p>\n<p>Apr\u012bkots ar \u0101tras savieno\u0161anas meh\u0101nismu un neprasa stieples no\u0146em\u0161anu.<\/p>\n<p>Zilo\u0146kaula kr\u0101sa.<\/p>\n<p><\/p>","protected":false},"excerpt":{"rendered":"<p>To izmanto, lai aizv\u0113rtu cilpu cauri, t.i. tas ir novietots p\u0113c kontaktligzdas, to var izmantot k\u0101 vienk\u0101r\u0161u. SAT savienot\u0101js tiek izmantots, lai savienotu satel\u012bta TV. R savienot\u0101ju var izmantot, lai savienotu ier\u012bces ar ieb\u016bv\u0113tu FM uztv\u0113r\u0113ju. Apr\u012bkots ar \u0101tras savieno\u0161anas meh\u0101nismu un neprasa stieples no\u0146em\u0161anu. Zilo\u0146kaula kr\u0101sa.<\/p>\n","protected":false},"featured_media":27627,"comment_status":"closed","ping_status":"closed","template":"","meta":{"inline_featured_image":false},"product_cat":[1305,772],"product_tag":[],"yst_prominent_words":[],"class_list":{"0":"post-27594","1":"product","2":"type-product","3":"status-publish","4":"has-post-thumbnail","6":"product_cat-tv-ligzdas","7":"product_cat-atlaides","9":"first","10":"instock","11":"sale","12":"taxable","13":"shipping-taxable","14":"purchasable","15":"product-type-simple"},"jetpack_sharing_enabled":true,"_links":{"self":[{"href":"https:\/\/ddt.lv\/lv\/wp-json\/wp\/v2\/product\/27594"}],"collection":[{"href":"https:\/\/ddt.lv\/lv\/wp-json\/wp\/v2\/product"}],"about":[{"href":"https:\/\/ddt.lv\/lv\/wp-json\/wp\/v2\/types\/product"}],"replies":[{"embeddable":true,"href":"https:\/\/ddt.lv\/lv\/wp-json\/wp\/v2\/comments?post=27594"}],"wp:featuredmedia":[{"embeddable":true,"href":"https:\/\/ddt.lv\/lv\/wp-json\/wp\/v2\/media\/27627"}],"wp:attachment":[{"href":"https:\/\/ddt.lv\/lv\/wp-json\/wp\/v2\/media?parent=27594"}],"wp:term":[{"taxonomy":"product_cat","embeddable":true,"href":"https:\/\/ddt.lv\/lv\/wp-json\/wp\/v2\/product_cat?post=27594"},{"taxonomy":"product_tag","embeddable":true,"href":"https:\/\/ddt.lv\/lv\/wp-json\/wp\/v2\/product_tag?post=27594"},{"taxonomy":"yst_prominent_words","embeddable":true,"href":"https:\/\/ddt.lv\/lv\/wp-json\/wp\/v2\/yst_prominent_words?post=27594"}],"curies":[{"name":"wp","href":"https:\/\/api.w.org\/{rel}","templated":true}]}}