{"id":27591,"date":"2021-08-04T15:00:34","date_gmt":"2021-08-04T12:00:34","guid":{"rendered":"https:\/\/ddt.lv\/lv\/product\/tv-rd-sat-caurejosa-sleguma-kontaktligzda-vajinajums-14db-valena-balts-legrand\/"},"modified":"2026-04-13T09:57:49","modified_gmt":"2026-04-13T06:57:49","slug":"tv-rd-sat-caurejosa-sleguma-kontaktligzda-vajinajums-14db-valena-balts-legrand","status":"publish","type":"product","link":"https:\/\/ddt.lv\/lv\/product\/tv-rd-sat-caurejosa-sleguma-kontaktligzda-vajinajums-14db-valena-balts-legrand\/","title":{"rendered":"TV-RD-SAT caurejo\u0161\u0101 sl\u0113guma kontaktligzda v\u0101jin\u0101jums 14dB VALENA balts Legrand"},"content":{"rendered":"<p>Gad\u012bjum\u0101, ja uz viena kabe\u013ca ir uzst\u0101d\u012btas vair\u0101kas TV ligzdas, tiek izmantotas cilpas ligzdas, bet kabe\u013ca beig\u0101s ir uzst\u0101d\u012bta gala TV kontaktligzda.<\/p>","protected":false},"excerpt":{"rendered":"<p>Gad\u012bjum\u0101, ja uz viena kabe\u013ca ir uzst\u0101d\u012btas vair\u0101kas TV ligzdas, tiek izmantotas cilpas ligzdas, bet kabe\u013ca beig\u0101s ir uzst\u0101d\u012bta gala TV kontaktligzda.<\/p>\n","protected":false},"featured_media":27630,"comment_status":"closed","ping_status":"closed","template":"","meta":{"inline_featured_image":false},"product_cat":[1305,772],"product_tag":[],"yst_prominent_words":[],"class_list":{"0":"post-27591","1":"product","2":"type-product","3":"status-publish","4":"has-post-thumbnail","6":"product_cat-tv-ligzdas","7":"product_cat-atlaides","9":"first","10":"instock","11":"sale","12":"taxable","13":"shipping-taxable","14":"purchasable","15":"product-type-simple"},"jetpack_sharing_enabled":true,"_links":{"self":[{"href":"https:\/\/ddt.lv\/lv\/wp-json\/wp\/v2\/product\/27591"}],"collection":[{"href":"https:\/\/ddt.lv\/lv\/wp-json\/wp\/v2\/product"}],"about":[{"href":"https:\/\/ddt.lv\/lv\/wp-json\/wp\/v2\/types\/product"}],"replies":[{"embeddable":true,"href":"https:\/\/ddt.lv\/lv\/wp-json\/wp\/v2\/comments?post=27591"}],"wp:featuredmedia":[{"embeddable":true,"href":"https:\/\/ddt.lv\/lv\/wp-json\/wp\/v2\/media\/27630"}],"wp:attachment":[{"href":"https:\/\/ddt.lv\/lv\/wp-json\/wp\/v2\/media?parent=27591"}],"wp:term":[{"taxonomy":"product_cat","embeddable":true,"href":"https:\/\/ddt.lv\/lv\/wp-json\/wp\/v2\/product_cat?post=27591"},{"taxonomy":"product_tag","embeddable":true,"href":"https:\/\/ddt.lv\/lv\/wp-json\/wp\/v2\/product_tag?post=27591"},{"taxonomy":"yst_prominent_words","embeddable":true,"href":"https:\/\/ddt.lv\/lv\/wp-json\/wp\/v2\/yst_prominent_words?post=27591"}],"curies":[{"name":"wp","href":"https:\/\/api.w.org\/{rel}","templated":true}]}}