{"id":27586,"date":"2021-08-04T15:00:30","date_gmt":"2021-08-04T12:00:30","guid":{"rendered":"https:\/\/ddt.lv\/lv\/product\/tv-gala-sleguma-kontaktligzda-vajinajums-10-db-valena-balts-legrand\/"},"modified":"2026-04-13T09:57:49","modified_gmt":"2026-04-13T06:57:49","slug":"tv-gala-sleguma-kontaktligzda-vajinajums-10-db-valena-balts-legrand","status":"publish","type":"product","link":"https:\/\/ddt.lv\/lv\/product\/tv-gala-sleguma-kontaktligzda-vajinajums-10-db-valena-balts-legrand\/","title":{"rendered":"TV gala sl\u0113guma kontaktligzda, v\u0101jin\u0101jums 10 dB, VALENA balts Legrand"},"content":{"rendered":"<p>Dz\u012bvok\u013ca TV ligzdu &#8220;cilpas&#8221; beig\u0101s standarta sadales k\u0101rb\u0101 ir uzst\u0101d\u012bta 2400 MHz termin\u0101\u013ca TV ligzda, kuras v\u0101jin\u0101jums ir maz\u0101ks par 10 dB.<\/p>","protected":false},"excerpt":{"rendered":"<p>Dz\u012bvok\u013ca TV ligzdu &#8220;cilpas&#8221; beig\u0101s standarta sadales k\u0101rb\u0101 ir uzst\u0101d\u012bta 2400 MHz termin\u0101\u013ca TV ligzda, kuras v\u0101jin\u0101jums ir maz\u0101ks par 10 dB.<\/p>\n","protected":false},"featured_media":27638,"comment_status":"closed","ping_status":"closed","template":"","meta":{"inline_featured_image":false},"product_cat":[1305,772],"product_tag":[],"yst_prominent_words":[],"class_list":{"0":"post-27586","1":"product","2":"type-product","3":"status-publish","4":"has-post-thumbnail","6":"product_cat-tv-ligzdas","7":"product_cat-atlaides","9":"first","10":"instock","11":"sale","12":"taxable","13":"shipping-taxable","14":"purchasable","15":"product-type-simple"},"jetpack_sharing_enabled":true,"_links":{"self":[{"href":"https:\/\/ddt.lv\/lv\/wp-json\/wp\/v2\/product\/27586"}],"collection":[{"href":"https:\/\/ddt.lv\/lv\/wp-json\/wp\/v2\/product"}],"about":[{"href":"https:\/\/ddt.lv\/lv\/wp-json\/wp\/v2\/types\/product"}],"replies":[{"embeddable":true,"href":"https:\/\/ddt.lv\/lv\/wp-json\/wp\/v2\/comments?post=27586"}],"wp:featuredmedia":[{"embeddable":true,"href":"https:\/\/ddt.lv\/lv\/wp-json\/wp\/v2\/media\/27638"}],"wp:attachment":[{"href":"https:\/\/ddt.lv\/lv\/wp-json\/wp\/v2\/media?parent=27586"}],"wp:term":[{"taxonomy":"product_cat","embeddable":true,"href":"https:\/\/ddt.lv\/lv\/wp-json\/wp\/v2\/product_cat?post=27586"},{"taxonomy":"product_tag","embeddable":true,"href":"https:\/\/ddt.lv\/lv\/wp-json\/wp\/v2\/product_tag?post=27586"},{"taxonomy":"yst_prominent_words","embeddable":true,"href":"https:\/\/ddt.lv\/lv\/wp-json\/wp\/v2\/yst_prominent_words?post=27586"}],"curies":[{"name":"wp","href":"https:\/\/api.w.org\/{rel}","templated":true}]}}