{"id":27585,"date":"2021-08-04T15:00:29","date_gmt":"2021-08-04T12:00:29","guid":{"rendered":"https:\/\/ddt.lv\/lv\/product\/tv-caurejosa-sleguma-kontaktligzda-vajinajums14db-valena-balts-legrand\/"},"modified":"2026-04-13T09:57:49","modified_gmt":"2026-04-13T06:57:49","slug":"tv-caurejosa-sleguma-kontaktligzda-vajinajums14db-valena-balts-legrand","status":"publish","type":"product","link":"https:\/\/ddt.lv\/lv\/product\/tv-caurejosa-sleguma-kontaktligzda-vajinajums14db-valena-balts-legrand\/","title":{"rendered":"TV caurejo\u0161\u0101 sl\u0113guma kontaktligzda, v\u0101jin\u0101jums14dB  VALENA balts Legrand"},"content":{"rendered":"<p>Televizora ligzdas Legrand Valena 774431 meh\u0101nisms caur baltu kr\u0101su tiek pieg\u0101d\u0101ts bez r\u0101mja, un tam ir TV savienot\u0101js kabe\u013ca pievieno\u0161anai ar ligzdu, kuras diametrs ir 9,5 mm. Meh\u0101nisms ir apr\u012bkots ar v\u012brie\u0161u savienot\u0101ju. Tam ir v\u0101jin\u0101jums 14 dB, un tas ir paredz\u0113ts cilpas tipa elektroinstal\u0101cijai, kur\u0101 kabelis iet no kontaktligzdas l\u012bdz kontaktligzdai.<\/p>\n<p><\/p>","protected":false},"excerpt":{"rendered":"<p>Televizora ligzdas Legrand Valena 774431 meh\u0101nisms caur baltu kr\u0101su tiek pieg\u0101d\u0101ts bez r\u0101mja, un tam ir TV savienot\u0101js kabe\u013ca pievieno\u0161anai ar ligzdu, kuras diametrs ir 9,5 mm. Meh\u0101nisms ir apr\u012bkots ar v\u012brie\u0161u savienot\u0101ju. Tam ir v\u0101jin\u0101jums 14 dB, un tas ir paredz\u0113ts cilpas tipa elektroinstal\u0101cijai, kur\u0101 kabelis iet no kontaktligzdas l\u012bdz kontaktligzdai.<\/p>\n","protected":false},"featured_media":27638,"comment_status":"closed","ping_status":"closed","template":"","meta":{"inline_featured_image":false},"product_cat":[1305,772],"product_tag":[],"yst_prominent_words":[],"class_list":{"0":"post-27585","1":"product","2":"type-product","3":"status-publish","4":"has-post-thumbnail","6":"product_cat-tv-ligzdas","7":"product_cat-atlaides","9":"first","10":"instock","11":"sale","12":"taxable","13":"shipping-taxable","14":"purchasable","15":"product-type-simple"},"jetpack_sharing_enabled":true,"_links":{"self":[{"href":"https:\/\/ddt.lv\/lv\/wp-json\/wp\/v2\/product\/27585"}],"collection":[{"href":"https:\/\/ddt.lv\/lv\/wp-json\/wp\/v2\/product"}],"about":[{"href":"https:\/\/ddt.lv\/lv\/wp-json\/wp\/v2\/types\/product"}],"replies":[{"embeddable":true,"href":"https:\/\/ddt.lv\/lv\/wp-json\/wp\/v2\/comments?post=27585"}],"wp:featuredmedia":[{"embeddable":true,"href":"https:\/\/ddt.lv\/lv\/wp-json\/wp\/v2\/media\/27638"}],"wp:attachment":[{"href":"https:\/\/ddt.lv\/lv\/wp-json\/wp\/v2\/media?parent=27585"}],"wp:term":[{"taxonomy":"product_cat","embeddable":true,"href":"https:\/\/ddt.lv\/lv\/wp-json\/wp\/v2\/product_cat?post=27585"},{"taxonomy":"product_tag","embeddable":true,"href":"https:\/\/ddt.lv\/lv\/wp-json\/wp\/v2\/product_tag?post=27585"},{"taxonomy":"yst_prominent_words","embeddable":true,"href":"https:\/\/ddt.lv\/lv\/wp-json\/wp\/v2\/yst_prominent_words?post=27585"}],"curies":[{"name":"wp","href":"https:\/\/api.w.org\/{rel}","templated":true}]}}