{"id":27584,"date":"2021-08-04T15:00:29","date_gmt":"2021-08-04T12:00:29","guid":{"rendered":"https:\/\/ddt.lv\/lv\/product\/tv-caurejosa-sleguma-kontaktligzda-vajinajums-14db-valena-krems-legrand\/"},"modified":"2026-04-06T10:57:21","modified_gmt":"2026-04-06T07:57:21","slug":"tv-caurejosa-sleguma-kontaktligzda-vajinajums-14db-valena-krems-legrand","status":"publish","type":"product","link":"https:\/\/ddt.lv\/lv\/product\/tv-caurejosa-sleguma-kontaktligzda-vajinajums-14db-valena-krems-legrand\/","title":{"rendered":"TV caurejo\u0161\u0101 sl\u0113guma kontaktligzda, v\u0101jin\u0101jums 14dB, VALENA kr\u0113ms Legrand"},"content":{"rendered":"<p>TV ligzda &#8211; 2400 MHz<br \/>\n caurejo\u0161\u0101 sl\u0113guma<br \/>\n    V\u0101jin\u0101jums 14 dB<br \/>\n    Kr\u0101sa: zilo\u0146kaula<\/p>","protected":false},"excerpt":{"rendered":"<p>TV ligzda &#8211; 2400 MHz caurejo\u0161\u0101 sl\u0113guma V\u0101jin\u0101jums 14 dB Kr\u0101sa: zilo\u0146kaula<\/p>\n","protected":false},"featured_media":27639,"comment_status":"closed","ping_status":"closed","template":"","meta":{"inline_featured_image":false},"product_cat":[1305,772],"product_tag":[],"yst_prominent_words":[],"class_list":{"0":"post-27584","1":"product","2":"type-product","3":"status-publish","4":"has-post-thumbnail","6":"product_cat-tv-ligzdas","7":"product_cat-atlaides","9":"first","10":"instock","11":"sale","12":"taxable","13":"shipping-taxable","14":"purchasable","15":"product-type-simple"},"jetpack_sharing_enabled":true,"_links":{"self":[{"href":"https:\/\/ddt.lv\/lv\/wp-json\/wp\/v2\/product\/27584"}],"collection":[{"href":"https:\/\/ddt.lv\/lv\/wp-json\/wp\/v2\/product"}],"about":[{"href":"https:\/\/ddt.lv\/lv\/wp-json\/wp\/v2\/types\/product"}],"replies":[{"embeddable":true,"href":"https:\/\/ddt.lv\/lv\/wp-json\/wp\/v2\/comments?post=27584"}],"wp:featuredmedia":[{"embeddable":true,"href":"https:\/\/ddt.lv\/lv\/wp-json\/wp\/v2\/media\/27639"}],"wp:attachment":[{"href":"https:\/\/ddt.lv\/lv\/wp-json\/wp\/v2\/media?parent=27584"}],"wp:term":[{"taxonomy":"product_cat","embeddable":true,"href":"https:\/\/ddt.lv\/lv\/wp-json\/wp\/v2\/product_cat?post=27584"},{"taxonomy":"product_tag","embeddable":true,"href":"https:\/\/ddt.lv\/lv\/wp-json\/wp\/v2\/product_tag?post=27584"},{"taxonomy":"yst_prominent_words","embeddable":true,"href":"https:\/\/ddt.lv\/lv\/wp-json\/wp\/v2\/yst_prominent_words?post=27584"}],"curies":[{"name":"wp","href":"https:\/\/api.w.org\/{rel}","templated":true}]}}