{"id":27582,"date":"2021-08-04T15:00:27","date_gmt":"2021-08-04T12:00:27","guid":{"rendered":"https:\/\/ddt.lv\/lv\/product\/tv-rd-sat-kontaktligzda-zvaigznes-sleguma-valena-balts-legrand\/"},"modified":"2026-04-13T09:57:49","modified_gmt":"2026-04-13T06:57:49","slug":"tv-rd-sat-kontaktligzda-zvaigznes-sleguma-valena-balts-legrand","status":"publish","type":"product","link":"https:\/\/ddt.lv\/lv\/product\/tv-rd-sat-kontaktligzda-zvaigznes-sleguma-valena-balts-legrand\/","title":{"rendered":"TV -RD-SAT kontaktligzda  zvaigznes sl\u0113guma VALENA balts Legrand"},"content":{"rendered":"<p>TV-RD-SAT ligzda<br \/>\nTV &#8220;v\u012brietis&#8221; \u00d8 9,5 mm, 4 &#8211; 68 MHz un 120 &#8211; 862 MHz<br \/>\nRD &#8220;sieviete&#8221; \u00d8 9,5 mm, 87,5 &#8211; 108 MHz<br \/>\nSAT tips &#8220;F&#8221;, 950 &#8211; 2400MHz, pie\u013cauj 500 mA l\u012bdzstr\u0101vas pretpl\u016bsmu<br \/>\nIndividu\u0101la uzst\u0101d\u012b\u0161ana (zvaigzne)<br \/>\nV\u0101jin\u0101jums 1,5 dB<br \/>\nbalta kr\u0101sa<\/p>\n<p><\/p>","protected":false},"excerpt":{"rendered":"<p>TV-RD-SAT ligzda TV &#8220;v\u012brietis&#8221; \u00d8 9,5 mm, 4 &#8211; 68 MHz un 120 &#8211; 862 MHz RD &#8220;sieviete&#8221; \u00d8 9,5 mm, 87,5 &#8211; 108 MHz SAT tips &#8220;F&#8221;, 950 &#8211; 2400MHz, pie\u013cauj 500 mA l\u012bdzstr\u0101vas pretpl\u016bsmu Individu\u0101la uzst\u0101d\u012b\u0161ana (zvaigzne) V\u0101jin\u0101jums 1,5 dB balta kr\u0101sa<\/p>\n","protected":false},"featured_media":27641,"comment_status":"closed","ping_status":"closed","template":"","meta":{"inline_featured_image":false},"product_cat":[1305,772],"product_tag":[],"yst_prominent_words":[],"class_list":{"0":"post-27582","1":"product","2":"type-product","3":"status-publish","4":"has-post-thumbnail","6":"product_cat-tv-ligzdas","7":"product_cat-atlaides","9":"first","10":"instock","11":"sale","12":"taxable","13":"shipping-taxable","14":"purchasable","15":"product-type-simple"},"jetpack_sharing_enabled":true,"_links":{"self":[{"href":"https:\/\/ddt.lv\/lv\/wp-json\/wp\/v2\/product\/27582"}],"collection":[{"href":"https:\/\/ddt.lv\/lv\/wp-json\/wp\/v2\/product"}],"about":[{"href":"https:\/\/ddt.lv\/lv\/wp-json\/wp\/v2\/types\/product"}],"replies":[{"embeddable":true,"href":"https:\/\/ddt.lv\/lv\/wp-json\/wp\/v2\/comments?post=27582"}],"wp:featuredmedia":[{"embeddable":true,"href":"https:\/\/ddt.lv\/lv\/wp-json\/wp\/v2\/media\/27641"}],"wp:attachment":[{"href":"https:\/\/ddt.lv\/lv\/wp-json\/wp\/v2\/media?parent=27582"}],"wp:term":[{"taxonomy":"product_cat","embeddable":true,"href":"https:\/\/ddt.lv\/lv\/wp-json\/wp\/v2\/product_cat?post=27582"},{"taxonomy":"product_tag","embeddable":true,"href":"https:\/\/ddt.lv\/lv\/wp-json\/wp\/v2\/product_tag?post=27582"},{"taxonomy":"yst_prominent_words","embeddable":true,"href":"https:\/\/ddt.lv\/lv\/wp-json\/wp\/v2\/yst_prominent_words?post=27582"}],"curies":[{"name":"wp","href":"https:\/\/api.w.org\/{rel}","templated":true}]}}