{"id":27581,"date":"2021-08-04T15:00:27","date_gmt":"2021-08-04T12:00:27","guid":{"rendered":"https:\/\/ddt.lv\/lv\/product\/spiedpoga-1p-ar-taustinu-10a-ip20-valena-balts-legrand\/"},"modified":"2026-04-13T09:57:48","modified_gmt":"2026-04-13T06:57:48","slug":"spiedpoga-1p-ar-taustinu-10a-ip20-valena-balts-legrand","status":"publish","type":"product","link":"https:\/\/ddt.lv\/lv\/product\/spiedpoga-1p-ar-taustinu-10a-ip20-valena-balts-legrand\/","title":{"rendered":"Spiedpoga 1P ar tausti\u0146u 10A IP20 VALENA balts Legrand"},"content":{"rendered":"<p>Spiedpogas sl\u0113dzim ir atsperu kontaktu grupa, tas darbojas k\u0101 &#8220;zvana poga&#8221;, un to var izmantot da\u017e\u0101d\u0101s vad\u012bbas sh\u0113m\u0101s, k\u0101 ar\u012b \u0137\u0113d\u0113s ar impulsa releju.<\/p>","protected":false},"excerpt":{"rendered":"<p>Spiedpogas sl\u0113dzim ir atsperu kontaktu grupa, tas darbojas k\u0101 &#8220;zvana poga&#8221;, un to var izmantot da\u017e\u0101d\u0101s vad\u012bbas sh\u0113m\u0101s, k\u0101 ar\u012b \u0137\u0113d\u0113s ar impulsa releju.<\/p>\n","protected":false},"featured_media":27642,"comment_status":"closed","ping_status":"closed","template":"","meta":{"inline_featured_image":false},"product_cat":[1303],"product_tag":[],"yst_prominent_words":[],"class_list":{"0":"post-27581","1":"product","2":"type-product","3":"status-publish","4":"has-post-thumbnail","6":"product_cat-spiedpogas","8":"first","9":"outofstock","10":"taxable","11":"shipping-taxable","12":"purchasable","13":"product-type-simple"},"jetpack_sharing_enabled":true,"_links":{"self":[{"href":"https:\/\/ddt.lv\/lv\/wp-json\/wp\/v2\/product\/27581"}],"collection":[{"href":"https:\/\/ddt.lv\/lv\/wp-json\/wp\/v2\/product"}],"about":[{"href":"https:\/\/ddt.lv\/lv\/wp-json\/wp\/v2\/types\/product"}],"replies":[{"embeddable":true,"href":"https:\/\/ddt.lv\/lv\/wp-json\/wp\/v2\/comments?post=27581"}],"wp:featuredmedia":[{"embeddable":true,"href":"https:\/\/ddt.lv\/lv\/wp-json\/wp\/v2\/media\/27642"}],"wp:attachment":[{"href":"https:\/\/ddt.lv\/lv\/wp-json\/wp\/v2\/media?parent=27581"}],"wp:term":[{"taxonomy":"product_cat","embeddable":true,"href":"https:\/\/ddt.lv\/lv\/wp-json\/wp\/v2\/product_cat?post=27581"},{"taxonomy":"product_tag","embeddable":true,"href":"https:\/\/ddt.lv\/lv\/wp-json\/wp\/v2\/product_tag?post=27581"},{"taxonomy":"yst_prominent_words","embeddable":true,"href":"https:\/\/ddt.lv\/lv\/wp-json\/wp\/v2\/yst_prominent_words?post=27581"}],"curies":[{"name":"wp","href":"https:\/\/api.w.org\/{rel}","templated":true}]}}