{"id":27575,"date":"2021-08-04T15:00:21","date_gmt":"2021-08-04T12:00:21","guid":{"rendered":"https:\/\/ddt.lv\/lv\/product\/sledzis-1p-ar-taustinu-16a-cariva-balts-legrand\/"},"modified":"2026-04-13T09:47:15","modified_gmt":"2026-04-13T06:47:15","slug":"sledzis-1p-ar-taustinu-16a-cariva-balts-legrand","status":"publish","type":"product","link":"https:\/\/ddt.lv\/lv\/product\/sledzis-1p-ar-taustinu-16a-cariva-balts-legrand\/","title":{"rendered":"Sl\u0113dzis 1P ar tausti\u0146u 16A CARIVA balts Legrand"},"content":{"rendered":"<p>Sl\u0113dzis 1P ar tausti\u0146u 16A CARIVA balts<\/p>","protected":false},"excerpt":{"rendered":"<p>Sl\u0113dzis 1P ar tausti\u0146u 16A CARIVA balts<\/p>\n","protected":false},"featured_media":27649,"comment_status":"closed","ping_status":"closed","template":"","meta":{"inline_featured_image":false},"product_cat":[1302],"product_tag":[],"yst_prominent_words":[],"class_list":{"0":"post-27575","1":"product","2":"type-product","3":"status-publish","4":"has-post-thumbnail","6":"product_cat-sledzi","8":"first","9":"outofstock","10":"taxable","11":"shipping-taxable","12":"purchasable","13":"product-type-simple"},"jetpack_sharing_enabled":true,"_links":{"self":[{"href":"https:\/\/ddt.lv\/lv\/wp-json\/wp\/v2\/product\/27575"}],"collection":[{"href":"https:\/\/ddt.lv\/lv\/wp-json\/wp\/v2\/product"}],"about":[{"href":"https:\/\/ddt.lv\/lv\/wp-json\/wp\/v2\/types\/product"}],"replies":[{"embeddable":true,"href":"https:\/\/ddt.lv\/lv\/wp-json\/wp\/v2\/comments?post=27575"}],"wp:featuredmedia":[{"embeddable":true,"href":"https:\/\/ddt.lv\/lv\/wp-json\/wp\/v2\/media\/27649"}],"wp:attachment":[{"href":"https:\/\/ddt.lv\/lv\/wp-json\/wp\/v2\/media?parent=27575"}],"wp:term":[{"taxonomy":"product_cat","embeddable":true,"href":"https:\/\/ddt.lv\/lv\/wp-json\/wp\/v2\/product_cat?post=27575"},{"taxonomy":"product_tag","embeddable":true,"href":"https:\/\/ddt.lv\/lv\/wp-json\/wp\/v2\/product_tag?post=27575"},{"taxonomy":"yst_prominent_words","embeddable":true,"href":"https:\/\/ddt.lv\/lv\/wp-json\/wp\/v2\/yst_prominent_words?post=27575"}],"curies":[{"name":"wp","href":"https:\/\/api.w.org\/{rel}","templated":true}]}}