{"id":27564,"date":"2021-08-04T14:50:33","date_gmt":"2021-08-04T11:50:33","guid":{"rendered":"https:\/\/ddt.lv\/lv\/product\/ramis-4-vietigs-valena-aluminijs-legrand\/"},"modified":"2026-04-22T08:28:04","modified_gmt":"2026-04-22T05:28:04","slug":"ramis-4-vietigs-valena-aluminijs-legrand","status":"publish","type":"product","link":"https:\/\/ddt.lv\/lv\/product\/ramis-4-vietigs-valena-aluminijs-legrand\/","title":{"rendered":"R\u0101mis 4- vietigs VALENA alum\u012bnijs Legrand"},"content":{"rendered":"<p>R\u0101mis 4- vietigs VALENA alum\u012bnijs<\/p>","protected":false},"excerpt":{"rendered":"<p>R\u0101mis 4- vietigs VALENA alum\u012bnijs<\/p>\n","protected":false},"featured_media":27661,"comment_status":"closed","ping_status":"closed","template":"","meta":{"inline_featured_image":false},"product_cat":[1308],"product_tag":[],"yst_prominent_words":[],"class_list":{"0":"post-27564","1":"product","2":"type-product","3":"status-publish","4":"has-post-thumbnail","6":"product_cat-ramisi","8":"first","9":"instock","10":"taxable","11":"shipping-taxable","12":"purchasable","13":"product-type-simple"},"jetpack_sharing_enabled":true,"_links":{"self":[{"href":"https:\/\/ddt.lv\/lv\/wp-json\/wp\/v2\/product\/27564"}],"collection":[{"href":"https:\/\/ddt.lv\/lv\/wp-json\/wp\/v2\/product"}],"about":[{"href":"https:\/\/ddt.lv\/lv\/wp-json\/wp\/v2\/types\/product"}],"replies":[{"embeddable":true,"href":"https:\/\/ddt.lv\/lv\/wp-json\/wp\/v2\/comments?post=27564"}],"wp:featuredmedia":[{"embeddable":true,"href":"https:\/\/ddt.lv\/lv\/wp-json\/wp\/v2\/media\/27661"}],"wp:attachment":[{"href":"https:\/\/ddt.lv\/lv\/wp-json\/wp\/v2\/media?parent=27564"}],"wp:term":[{"taxonomy":"product_cat","embeddable":true,"href":"https:\/\/ddt.lv\/lv\/wp-json\/wp\/v2\/product_cat?post=27564"},{"taxonomy":"product_tag","embeddable":true,"href":"https:\/\/ddt.lv\/lv\/wp-json\/wp\/v2\/product_tag?post=27564"},{"taxonomy":"yst_prominent_words","embeddable":true,"href":"https:\/\/ddt.lv\/lv\/wp-json\/wp\/v2\/yst_prominent_words?post=27564"}],"curies":[{"name":"wp","href":"https:\/\/api.w.org\/{rel}","templated":true}]}}