{"id":27558,"date":"2021-08-04T14:50:28","date_gmt":"2021-08-04T11:50:28","guid":{"rendered":"https:\/\/ddt.lv\/lv\/product\/ramis-2-vietigs-valena-krems-legrand\/"},"modified":"2026-04-01T00:20:29","modified_gmt":"2026-03-31T21:20:29","slug":"ramis-2-vietigs-valena-krems-legrand","status":"publish","type":"product","link":"https:\/\/ddt.lv\/lv\/product\/ramis-2-vietigs-valena-krems-legrand\/","title":{"rendered":"R\u0101mis 2- vietigs VALENA kr\u0113ms Legrand"},"content":{"rendered":"<p>R\u0101mis 2- vietigs VALENA kr\u0113ms<\/p>","protected":false},"excerpt":{"rendered":"<p>R\u0101mis 2- vietigs VALENA kr\u0113ms<\/p>\n","protected":false},"featured_media":27671,"comment_status":"closed","ping_status":"closed","template":"","meta":{"inline_featured_image":false},"product_cat":[1308,772],"product_tag":[],"yst_prominent_words":[],"class_list":{"0":"post-27558","1":"product","2":"type-product","3":"status-publish","4":"has-post-thumbnail","6":"product_cat-ramisi","7":"product_cat-atlaides","9":"first","10":"instock","11":"sale","12":"taxable","13":"shipping-taxable","14":"purchasable","15":"product-type-simple"},"jetpack_sharing_enabled":true,"_links":{"self":[{"href":"https:\/\/ddt.lv\/lv\/wp-json\/wp\/v2\/product\/27558"}],"collection":[{"href":"https:\/\/ddt.lv\/lv\/wp-json\/wp\/v2\/product"}],"about":[{"href":"https:\/\/ddt.lv\/lv\/wp-json\/wp\/v2\/types\/product"}],"replies":[{"embeddable":true,"href":"https:\/\/ddt.lv\/lv\/wp-json\/wp\/v2\/comments?post=27558"}],"wp:featuredmedia":[{"embeddable":true,"href":"https:\/\/ddt.lv\/lv\/wp-json\/wp\/v2\/media\/27671"}],"wp:attachment":[{"href":"https:\/\/ddt.lv\/lv\/wp-json\/wp\/v2\/media?parent=27558"}],"wp:term":[{"taxonomy":"product_cat","embeddable":true,"href":"https:\/\/ddt.lv\/lv\/wp-json\/wp\/v2\/product_cat?post=27558"},{"taxonomy":"product_tag","embeddable":true,"href":"https:\/\/ddt.lv\/lv\/wp-json\/wp\/v2\/product_tag?post=27558"},{"taxonomy":"yst_prominent_words","embeddable":true,"href":"https:\/\/ddt.lv\/lv\/wp-json\/wp\/v2\/yst_prominent_words?post=27558"}],"curies":[{"name":"wp","href":"https:\/\/api.w.org\/{rel}","templated":true}]}}