{"id":27554,"date":"2021-08-04T14:50:24","date_gmt":"2021-08-04T11:50:24","guid":{"rendered":"https:\/\/ddt.lv\/lv\/product\/parsledzis-1p-ar-taustinu-un-apgaismojumu-10a-cariva-krems-legrand\/"},"modified":"2026-04-13T09:57:38","modified_gmt":"2026-04-13T06:57:38","slug":"parsledzis-1p-ar-taustinu-un-apgaismojumu-10a-cariva-krems-legrand","status":"publish","type":"product","link":"https:\/\/ddt.lv\/lv\/product\/parsledzis-1p-ar-taustinu-un-apgaismojumu-10a-cariva-krems-legrand\/","title":{"rendered":"P\u0101rsl\u0113dzis 1P ar tausti\u0146u un apgaismojumu 10A  CARIVA kr\u0113ms Legrand"},"content":{"rendered":"<p>2 virzienu sl\u0113dzis &#8211; Cariva &#8211; apgaismots &#8211; autom\u0101tiskie termin\u0101\u013ci &#8211; 10 AX &#8211; 250 V ~ &#8211; zilo\u0146kauls<\/p>","protected":false},"excerpt":{"rendered":"<p>2 virzienu sl\u0113dzis &#8211; Cariva &#8211; apgaismots &#8211; autom\u0101tiskie termin\u0101\u013ci &#8211; 10 AX &#8211; 250 V ~ &#8211; zilo\u0146kauls<\/p>\n","protected":false},"featured_media":27675,"comment_status":"closed","ping_status":"closed","template":"","meta":{"inline_featured_image":false},"product_cat":[1302,772],"product_tag":[],"yst_prominent_words":[],"class_list":{"0":"post-27554","1":"product","2":"type-product","3":"status-publish","4":"has-post-thumbnail","6":"product_cat-sledzi","7":"product_cat-atlaides","9":"first","10":"instock","11":"sale","12":"taxable","13":"shipping-taxable","14":"purchasable","15":"product-type-simple"},"jetpack_sharing_enabled":true,"_links":{"self":[{"href":"https:\/\/ddt.lv\/lv\/wp-json\/wp\/v2\/product\/27554"}],"collection":[{"href":"https:\/\/ddt.lv\/lv\/wp-json\/wp\/v2\/product"}],"about":[{"href":"https:\/\/ddt.lv\/lv\/wp-json\/wp\/v2\/types\/product"}],"replies":[{"embeddable":true,"href":"https:\/\/ddt.lv\/lv\/wp-json\/wp\/v2\/comments?post=27554"}],"wp:featuredmedia":[{"embeddable":true,"href":"https:\/\/ddt.lv\/lv\/wp-json\/wp\/v2\/media\/27675"}],"wp:attachment":[{"href":"https:\/\/ddt.lv\/lv\/wp-json\/wp\/v2\/media?parent=27554"}],"wp:term":[{"taxonomy":"product_cat","embeddable":true,"href":"https:\/\/ddt.lv\/lv\/wp-json\/wp\/v2\/product_cat?post=27554"},{"taxonomy":"product_tag","embeddable":true,"href":"https:\/\/ddt.lv\/lv\/wp-json\/wp\/v2\/product_tag?post=27554"},{"taxonomy":"yst_prominent_words","embeddable":true,"href":"https:\/\/ddt.lv\/lv\/wp-json\/wp\/v2\/yst_prominent_words?post=27554"}],"curies":[{"name":"wp","href":"https:\/\/api.w.org\/{rel}","templated":true}]}}