{"id":27542,"date":"2021-08-04T14:50:14","date_gmt":"2021-08-04T11:50:14","guid":{"rendered":"https:\/\/ddt.lv\/lv\/product\/kontaktligzda-ar-zemejumu-2p-e-ar-bernu-aizsardzibu-ip20-cariva-krems-legrand\/"},"modified":"2026-04-08T14:27:14","modified_gmt":"2026-04-08T11:27:14","slug":"kontaktligzda-ar-zemejumu-2p-e-ar-bernu-aizsardzibu-ip20-cariva-krems-legrand","status":"publish","type":"product","link":"https:\/\/ddt.lv\/lv\/product\/kontaktligzda-ar-zemejumu-2p-e-ar-bernu-aizsardzibu-ip20-cariva-krems-legrand\/","title":{"rendered":"Kontaktligzda ar zemejumu 2P+E ar b\u0113rnu aizsardz\u012bbu IP20 CARIVA kr\u0113ms Legrand"},"content":{"rendered":"<p>Kontaktligzda ar zemejumu 2P+E ar b\u0113rnu aizsardz\u012bbu IP20 CARIVA kr\u0113ms<\/p>","protected":false},"excerpt":{"rendered":"<p>Kontaktligzda ar zemejumu 2P+E ar b\u0113rnu aizsardz\u012bbu IP20 CARIVA kr\u0113ms<\/p>\n","protected":false},"featured_media":27697,"comment_status":"closed","ping_status":"closed","template":"","meta":{"inline_featured_image":false},"product_cat":[1301,772],"product_tag":[],"yst_prominent_words":[],"class_list":{"0":"post-27542","1":"product","2":"type-product","3":"status-publish","4":"has-post-thumbnail","6":"product_cat-rozetes","7":"product_cat-atlaides","9":"first","10":"outofstock","11":"sale","12":"taxable","13":"shipping-taxable","14":"purchasable","15":"product-type-simple"},"jetpack_sharing_enabled":true,"_links":{"self":[{"href":"https:\/\/ddt.lv\/lv\/wp-json\/wp\/v2\/product\/27542"}],"collection":[{"href":"https:\/\/ddt.lv\/lv\/wp-json\/wp\/v2\/product"}],"about":[{"href":"https:\/\/ddt.lv\/lv\/wp-json\/wp\/v2\/types\/product"}],"replies":[{"embeddable":true,"href":"https:\/\/ddt.lv\/lv\/wp-json\/wp\/v2\/comments?post=27542"}],"wp:featuredmedia":[{"embeddable":true,"href":"https:\/\/ddt.lv\/lv\/wp-json\/wp\/v2\/media\/27697"}],"wp:attachment":[{"href":"https:\/\/ddt.lv\/lv\/wp-json\/wp\/v2\/media?parent=27542"}],"wp:term":[{"taxonomy":"product_cat","embeddable":true,"href":"https:\/\/ddt.lv\/lv\/wp-json\/wp\/v2\/product_cat?post=27542"},{"taxonomy":"product_tag","embeddable":true,"href":"https:\/\/ddt.lv\/lv\/wp-json\/wp\/v2\/product_tag?post=27542"},{"taxonomy":"yst_prominent_words","embeddable":true,"href":"https:\/\/ddt.lv\/lv\/wp-json\/wp\/v2\/yst_prominent_words?post=27542"}],"curies":[{"name":"wp","href":"https:\/\/api.w.org\/{rel}","templated":true}]}}