{"id":27541,"date":"2021-08-04T14:40:22","date_gmt":"2021-08-04T11:40:22","guid":{"rendered":"https:\/\/ddt.lv\/lv\/product\/gaismas-regulators-40-400w-kvelspuldzem-un-halogenspuldzem-valena-balts-legrand\/"},"modified":"2026-04-13T09:47:36","modified_gmt":"2026-04-13T06:47:36","slug":"gaismas-regulators-40-400w-kvelspuldzem-un-halogenspuldzem-valena-balts-legrand","status":"publish","type":"product","link":"https:\/\/ddt.lv\/lv\/product\/gaismas-regulators-40-400w-kvelspuldzem-un-halogenspuldzem-valena-balts-legrand\/","title":{"rendered":"Gaismas regulators 40-400W kv\u0113lspuldz\u0113m un halog\u0113nspuldz\u0113m VALENA balts Legrand"},"content":{"rendered":"<p>Regul\u0113\u0161ana un vad\u012bba, pagrie\u017eot rokturi<\/p>\n<p>40-400 W kv\u0113lspuldz\u0113m un halog\u0113na lamp\u0101m 230 V ~, 40-400 VA zemsprieguma halog\u0113na lamp\u0101m ar feromagn\u0113tisko transformatoru<\/p>","protected":false},"excerpt":{"rendered":"<p>Regul\u0113\u0161ana un vad\u012bba, pagrie\u017eot rokturi 40-400 W kv\u0113lspuldz\u0113m un halog\u0113na lamp\u0101m 230 V ~, 40-400 VA zemsprieguma halog\u0113na lamp\u0101m ar feromagn\u0113tisko transformatoru<\/p>\n","protected":false},"featured_media":27698,"comment_status":"closed","ping_status":"closed","template":"","meta":{"inline_featured_image":false},"product_cat":[1304,772],"product_tag":[],"yst_prominent_words":[],"class_list":{"0":"post-27541","1":"product","2":"type-product","3":"status-publish","4":"has-post-thumbnail","6":"product_cat-dimmeri","7":"product_cat-atlaides","9":"first","10":"instock","11":"sale","12":"taxable","13":"shipping-taxable","14":"purchasable","15":"product-type-simple"},"jetpack_sharing_enabled":true,"_links":{"self":[{"href":"https:\/\/ddt.lv\/lv\/wp-json\/wp\/v2\/product\/27541"}],"collection":[{"href":"https:\/\/ddt.lv\/lv\/wp-json\/wp\/v2\/product"}],"about":[{"href":"https:\/\/ddt.lv\/lv\/wp-json\/wp\/v2\/types\/product"}],"replies":[{"embeddable":true,"href":"https:\/\/ddt.lv\/lv\/wp-json\/wp\/v2\/comments?post=27541"}],"wp:featuredmedia":[{"embeddable":true,"href":"https:\/\/ddt.lv\/lv\/wp-json\/wp\/v2\/media\/27698"}],"wp:attachment":[{"href":"https:\/\/ddt.lv\/lv\/wp-json\/wp\/v2\/media?parent=27541"}],"wp:term":[{"taxonomy":"product_cat","embeddable":true,"href":"https:\/\/ddt.lv\/lv\/wp-json\/wp\/v2\/product_cat?post=27541"},{"taxonomy":"product_tag","embeddable":true,"href":"https:\/\/ddt.lv\/lv\/wp-json\/wp\/v2\/product_tag?post=27541"},{"taxonomy":"yst_prominent_words","embeddable":true,"href":"https:\/\/ddt.lv\/lv\/wp-json\/wp\/v2\/yst_prominent_words?post=27541"}],"curies":[{"name":"wp","href":"https:\/\/api.w.org\/{rel}","templated":true}]}}