{"id":27538,"date":"2021-08-04T14:40:19","date_gmt":"2021-08-04T11:40:19","guid":{"rendered":"https:\/\/ddt.lv\/lv\/product\/dubultais-sledzis-10a-ar-taustinu-valena-aluminijs-legrand\/"},"modified":"2026-04-22T08:27:56","modified_gmt":"2026-04-22T05:27:56","slug":"dubultais-sledzis-10a-ar-taustinu-valena-aluminijs-legrand","status":"publish","type":"product","link":"https:\/\/ddt.lv\/lv\/product\/dubultais-sledzis-10a-ar-taustinu-valena-aluminijs-legrand\/","title":{"rendered":"Dubultais sl\u0113dzis 10A ar tausti\u0146u VALENA  Aluminijs Legrand"},"content":{"rendered":"<p>Dubultais sl\u0113dzis 10A ar tausti\u0146u VALENA  Aluminijs <\/p>","protected":false},"excerpt":{"rendered":"<p>Dubultais sl\u0113dzis 10A ar tausti\u0146u VALENA Aluminijs<\/p>\n","protected":false},"featured_media":27701,"comment_status":"closed","ping_status":"closed","template":"","meta":{"inline_featured_image":false},"product_cat":[1302,772],"product_tag":[],"yst_prominent_words":[],"class_list":{"0":"post-27538","1":"product","2":"type-product","3":"status-publish","4":"has-post-thumbnail","6":"product_cat-sledzi","7":"product_cat-atlaides","9":"first","10":"instock","11":"sale","12":"taxable","13":"shipping-taxable","14":"purchasable","15":"product-type-simple"},"jetpack_sharing_enabled":true,"_links":{"self":[{"href":"https:\/\/ddt.lv\/lv\/wp-json\/wp\/v2\/product\/27538"}],"collection":[{"href":"https:\/\/ddt.lv\/lv\/wp-json\/wp\/v2\/product"}],"about":[{"href":"https:\/\/ddt.lv\/lv\/wp-json\/wp\/v2\/types\/product"}],"replies":[{"embeddable":true,"href":"https:\/\/ddt.lv\/lv\/wp-json\/wp\/v2\/comments?post=27538"}],"wp:featuredmedia":[{"embeddable":true,"href":"https:\/\/ddt.lv\/lv\/wp-json\/wp\/v2\/media\/27701"}],"wp:attachment":[{"href":"https:\/\/ddt.lv\/lv\/wp-json\/wp\/v2\/media?parent=27538"}],"wp:term":[{"taxonomy":"product_cat","embeddable":true,"href":"https:\/\/ddt.lv\/lv\/wp-json\/wp\/v2\/product_cat?post=27538"},{"taxonomy":"product_tag","embeddable":true,"href":"https:\/\/ddt.lv\/lv\/wp-json\/wp\/v2\/product_tag?post=27538"},{"taxonomy":"yst_prominent_words","embeddable":true,"href":"https:\/\/ddt.lv\/lv\/wp-json\/wp\/v2\/yst_prominent_words?post=27538"}],"curies":[{"name":"wp","href":"https:\/\/api.w.org\/{rel}","templated":true}]}}