{"id":27479,"date":"2021-07-29T13:20:21","date_gmt":"2021-07-29T10:20:21","guid":{"rendered":"https:\/\/ddt.lv\/lv\/product\/pagarinatajs-4-1-5m-3680w-3x1-5mm2-ar-zemejumu-ar-sledzi-melns-emos\/"},"modified":"2026-04-09T12:00:27","modified_gmt":"2026-04-09T09:00:27","slug":"pagarinatajs-4-1-5m-3680w-3x1-5mm2-ar-zemejumu-ar-sledzi-melns-emos","status":"publish","type":"product","link":"https:\/\/ddt.lv\/lv\/product\/pagarinatajs-4-1-5m-3680w-3x1-5mm2-ar-zemejumu-ar-sledzi-melns-emos\/","title":{"rendered":"Pagarin\u0101t\u0101js 4\/1.5m 3680W 3&#215;1.5mm2 ar zem\u0113jumu ar sl\u0113dzi melns EMOS"},"content":{"rendered":"<p>Pagarin\u0101t\u0101js 4vietas\/1.5metri 3680W 3&#215;1.5mm2 ar zem\u0113jumu ar sl\u0113dzi melns<\/p>","protected":false},"excerpt":{"rendered":"<p>Pagarin\u0101t\u0101js 4vietas\/1.5metri 3680W 3&#215;1.5mm2 ar zem\u0113jumu ar sl\u0113dzi melns<\/p>\n","protected":false},"featured_media":19872,"comment_status":"closed","ping_status":"closed","template":"","meta":{"inline_featured_image":false},"product_cat":[746],"product_tag":[],"yst_prominent_words":[],"class_list":{"0":"post-27479","1":"product","2":"type-product","3":"status-publish","4":"has-post-thumbnail","6":"product_cat-pagarinataji-pagarinataji-un-sadalitaji","8":"first","9":"instock","10":"taxable","11":"shipping-taxable","12":"purchasable","13":"product-type-simple"},"jetpack_sharing_enabled":true,"_links":{"self":[{"href":"https:\/\/ddt.lv\/lv\/wp-json\/wp\/v2\/product\/27479"}],"collection":[{"href":"https:\/\/ddt.lv\/lv\/wp-json\/wp\/v2\/product"}],"about":[{"href":"https:\/\/ddt.lv\/lv\/wp-json\/wp\/v2\/types\/product"}],"replies":[{"embeddable":true,"href":"https:\/\/ddt.lv\/lv\/wp-json\/wp\/v2\/comments?post=27479"}],"wp:featuredmedia":[{"embeddable":true,"href":"https:\/\/ddt.lv\/lv\/wp-json\/wp\/v2\/media\/19872"}],"wp:attachment":[{"href":"https:\/\/ddt.lv\/lv\/wp-json\/wp\/v2\/media?parent=27479"}],"wp:term":[{"taxonomy":"product_cat","embeddable":true,"href":"https:\/\/ddt.lv\/lv\/wp-json\/wp\/v2\/product_cat?post=27479"},{"taxonomy":"product_tag","embeddable":true,"href":"https:\/\/ddt.lv\/lv\/wp-json\/wp\/v2\/product_tag?post=27479"},{"taxonomy":"yst_prominent_words","embeddable":true,"href":"https:\/\/ddt.lv\/lv\/wp-json\/wp\/v2\/yst_prominent_words?post=27479"}],"curies":[{"name":"wp","href":"https:\/\/api.w.org\/{rel}","templated":true}]}}