{"id":27472,"date":"2021-07-29T13:20:16","date_gmt":"2021-07-29T10:20:16","guid":{"rendered":"https:\/\/ddt.lv\/lv\/product\/lukturis-led-500lm4xaaafokuss3rezimi-metala-triecinizturigs-mitrumizturigs-emos\/"},"modified":"2026-04-13T10:00:32","modified_gmt":"2026-04-13T07:00:32","slug":"lukturis-led-500lm4xaaafokuss3rezimi-metala-triecinizturigs-mitrumizturigs-emos","status":"publish","type":"product","link":"https:\/\/ddt.lv\/lv\/product\/lukturis-led-500lm4xaaafokuss3rezimi-metala-triecinizturigs-mitrumizturigs-emos\/","title":{"rendered":"Lukturis LED 500lm (4xAAA) fokuss, 3re\u017e\u012bmi met\u0101la triecieniztur\u012bgs\/mitrumiztur\u012bgs EMOS"},"content":{"rendered":"<p>Lukturis LED fokus\u0113jamss,3re\u017e\u012bmi.met\u0101la. trieciniztur\u012bgs\/mitrumiztur\u012bgs.baro\u0161anas avots 4 \u00d7 AAA<br \/>\nMaksim\u0101l\u0101 gaismas pl\u016bsma 500 lm.<br \/>\nDiapazons 160 m.<\/p>","protected":false},"excerpt":{"rendered":"<p>Lukturis LED fokus\u0113jamss,3re\u017e\u012bmi.met\u0101la. trieciniztur\u012bgs\/mitrumiztur\u012bgs.baro\u0161anas avots 4 \u00d7 AAA Maksim\u0101l\u0101 gaismas pl\u016bsma 500 lm. Diapazons 160 m.<\/p>\n","protected":false},"featured_media":27722,"comment_status":"closed","ping_status":"closed","template":"","meta":{"inline_featured_image":false},"product_cat":[727,726],"product_tag":[],"yst_prominent_words":[],"class_list":{"0":"post-27472","1":"product","2":"type-product","3":"status-publish","4":"has-post-thumbnail","6":"product_cat-galvas","7":"product_cat-kabatas","9":"first","10":"instock","11":"taxable","12":"shipping-taxable","13":"purchasable","14":"product-type-simple"},"jetpack_sharing_enabled":true,"_links":{"self":[{"href":"https:\/\/ddt.lv\/lv\/wp-json\/wp\/v2\/product\/27472"}],"collection":[{"href":"https:\/\/ddt.lv\/lv\/wp-json\/wp\/v2\/product"}],"about":[{"href":"https:\/\/ddt.lv\/lv\/wp-json\/wp\/v2\/types\/product"}],"replies":[{"embeddable":true,"href":"https:\/\/ddt.lv\/lv\/wp-json\/wp\/v2\/comments?post=27472"}],"wp:featuredmedia":[{"embeddable":true,"href":"https:\/\/ddt.lv\/lv\/wp-json\/wp\/v2\/media\/27722"}],"wp:attachment":[{"href":"https:\/\/ddt.lv\/lv\/wp-json\/wp\/v2\/media?parent=27472"}],"wp:term":[{"taxonomy":"product_cat","embeddable":true,"href":"https:\/\/ddt.lv\/lv\/wp-json\/wp\/v2\/product_cat?post=27472"},{"taxonomy":"product_tag","embeddable":true,"href":"https:\/\/ddt.lv\/lv\/wp-json\/wp\/v2\/product_tag?post=27472"},{"taxonomy":"yst_prominent_words","embeddable":true,"href":"https:\/\/ddt.lv\/lv\/wp-json\/wp\/v2\/yst_prominent_words?post=27472"}],"curies":[{"name":"wp","href":"https:\/\/api.w.org\/{rel}","templated":true}]}}