{"id":27459,"date":"2021-07-28T13:20:16","date_gmt":"2021-07-28T10:20:16","guid":{"rendered":"https:\/\/ddt.lv\/lv\/product\/led-start-eco-spot-balts-6-5w-100-240v-540lm-3000k-ip65-gaismeklis-sylvania\/"},"modified":"2026-04-01T00:16:53","modified_gmt":"2026-03-31T21:16:53","slug":"led-start-eco-spot-balts-6-5w-100-240v-540lm-3000k-ip65-gaismeklis-sylvania","status":"publish","type":"product","link":"https:\/\/ddt.lv\/lv\/product\/led-start-eco-spot-balts-6-5w-100-240v-540lm-3000k-ip65-gaismeklis-sylvania\/","title":{"rendered":"LED START ECO SPOT balts 6.5W 100\u00b0 240V 540lm 3000K IP65 gaismeklis SYLVANIA"},"content":{"rendered":"<p>Ieb\u016bv\u0113ts LED apgaismojums, fiks\u0113ts, RAL9016 kr\u0101sa, 540lm, 6.5W, nav aptum\u0161ojams, 3000K, 100 \u00b0 gr\u0101du le\u0146\u0137is, balts polikarbon\u0101ta korpuss, zema profila padzi\u013cin\u0101jums 47mm, IP65 no priek\u0161puses, IK03, loop-in \/ loop- izejas spailes \u0101trai elektroinstal\u0101cijai, 86 mm r\u0101mja diametrs, 68\u201374 mm izgriezums, mat\u0113ts objekt\u012bvs. Iepakojum\u0101 iek\u013cauts papildu sudraba r\u0101mis. Kalpo\u0161anas laiks: 30 000 stundas pie L70. Ener\u0123ijas klase: A ++<\/p>","protected":false},"excerpt":{"rendered":"<p>Ieb\u016bv\u0113ts LED apgaismojums, fiks\u0113ts, RAL9016 kr\u0101sa, 540lm, 6.5W, nav aptum\u0161ojams, 3000K, 100 \u00b0 gr\u0101du le\u0146\u0137is, balts polikarbon\u0101ta korpuss, zema profila padzi\u013cin\u0101jums 47mm, IP65 no priek\u0161puses, IK03, loop-in \/ loop- izejas spailes \u0101trai elektroinstal\u0101cijai, 86 mm r\u0101mja diametrs, 68\u201374 mm izgriezums, mat\u0113ts objekt\u012bvs. Iepakojum\u0101 iek\u013cauts papildu sudraba r\u0101mis. Kalpo\u0161anas laiks: 30 000 stundas pie L70. Ener\u0123ijas [&hellip;]<\/p>\n","protected":false},"featured_media":27466,"comment_status":"closed","ping_status":"closed","template":"","meta":{"inline_featured_image":false},"product_cat":[772,906],"product_tag":[],"yst_prominent_words":[],"class_list":{"0":"post-27459","1":"product","2":"type-product","3":"status-publish","4":"has-post-thumbnail","6":"product_cat-atlaides","7":"product_cat-spot-tipa-gaismekli-led-iekstelpu-gaismekli","9":"first","10":"outofstock","11":"sale","12":"taxable","13":"shipping-taxable","14":"purchasable","15":"product-type-simple"},"jetpack_sharing_enabled":true,"_links":{"self":[{"href":"https:\/\/ddt.lv\/lv\/wp-json\/wp\/v2\/product\/27459"}],"collection":[{"href":"https:\/\/ddt.lv\/lv\/wp-json\/wp\/v2\/product"}],"about":[{"href":"https:\/\/ddt.lv\/lv\/wp-json\/wp\/v2\/types\/product"}],"replies":[{"embeddable":true,"href":"https:\/\/ddt.lv\/lv\/wp-json\/wp\/v2\/comments?post=27459"}],"wp:featuredmedia":[{"embeddable":true,"href":"https:\/\/ddt.lv\/lv\/wp-json\/wp\/v2\/media\/27466"}],"wp:attachment":[{"href":"https:\/\/ddt.lv\/lv\/wp-json\/wp\/v2\/media?parent=27459"}],"wp:term":[{"taxonomy":"product_cat","embeddable":true,"href":"https:\/\/ddt.lv\/lv\/wp-json\/wp\/v2\/product_cat?post=27459"},{"taxonomy":"product_tag","embeddable":true,"href":"https:\/\/ddt.lv\/lv\/wp-json\/wp\/v2\/product_tag?post=27459"},{"taxonomy":"yst_prominent_words","embeddable":true,"href":"https:\/\/ddt.lv\/lv\/wp-json\/wp\/v2\/yst_prominent_words?post=27459"}],"curies":[{"name":"wp","href":"https:\/\/api.w.org\/{rel}","templated":true}]}}