{"id":27458,"date":"2021-07-28T13:20:15","date_gmt":"2021-07-28T10:20:15","guid":{"rendered":"https:\/\/ddt.lv\/lv\/product\/led-reflektor-e14-5w-v3-240v-r50-470lm-3000k-spuldze-sylvania\/"},"modified":"2026-04-13T09:56:18","modified_gmt":"2026-04-13T06:56:18","slug":"led-reflektor-e14-5w-v3-240v-r50-470lm-3000k-spuldze-sylvania","status":"publish","type":"product","link":"https:\/\/ddt.lv\/lv\/product\/led-reflektor-e14-5w-v3-240v-r50-470lm-3000k-spuldze-sylvania\/","title":{"rendered":"LED Reflektor E14 5W V3 240V R50 470lm 3000K spuldze Sylvania"},"content":{"rendered":"<p>\u2022 Energoefekt\u012bva LED alternat\u012bva tradicion\u0101laj\u0101m kv\u0113lspuldz\u0113m un halog\u0113na atstaro\u0161anas lamp\u0101m \u2022 M\u016bsdien\u012bga konstrukcija un pievilc\u012bgs dizains \u2022 Bez dz\u012bvsudraba risin\u0101jums \u2022 Vid\u0113jais ilgais kalpo\u0161anas laiks: 15 000 stundas \u2022 Zem\u0101kas uztur\u0113\u0161anas izmaksas sal\u012bdzin\u0101jum\u0101 ar tradicion\u0101laj\u0101m lamp\u0101m \u2022 Nav aptum\u0161ojamas \u2022 3 gadu garantija \u2022 Ide\u0101li piem\u0113rots visp\u0101r\u0113ja apgaismojuma pielietojums: dz\u012bvojamais apgaismojums, apak\u0161\u0113j\u0101s gaismas, viesn\u012bcas, viesn\u012bcas, restor\u0101ni, b\u0101ri, vestibili, gaite\u0146i, z\u0101les utt.<\/p>","protected":false},"excerpt":{"rendered":"<p>\u2022 Energoefekt\u012bva LED alternat\u012bva tradicion\u0101laj\u0101m kv\u0113lspuldz\u0113m un halog\u0113na atstaro\u0161anas lamp\u0101m \u2022 M\u016bsdien\u012bga konstrukcija un pievilc\u012bgs dizains \u2022 Bez dz\u012bvsudraba risin\u0101jums \u2022 Vid\u0113jais ilgais kalpo\u0161anas laiks: 15 000 stundas \u2022 Zem\u0101kas uztur\u0113\u0161anas izmaksas sal\u012bdzin\u0101jum\u0101 ar tradicion\u0101laj\u0101m lamp\u0101m \u2022 Nav aptum\u0161ojamas \u2022 3 gadu garantija \u2022 Ide\u0101li piem\u0113rots visp\u0101r\u0113ja apgaismojuma pielietojums: dz\u012bvojamais apgaismojums, apak\u0161\u0113j\u0101s gaismas, viesn\u012bcas, viesn\u012bcas, [&hellip;]<\/p>\n","protected":false},"featured_media":27463,"comment_status":"closed","ping_status":"closed","template":"","meta":{"inline_featured_image":false},"product_cat":[772,851],"product_tag":[],"yst_prominent_words":[],"class_list":{"0":"post-27458","1":"product","2":"type-product","3":"status-publish","4":"has-post-thumbnail","6":"product_cat-atlaides","7":"product_cat-e14-spuldzes","9":"first","10":"instock","11":"sale","12":"taxable","13":"shipping-taxable","14":"purchasable","15":"product-type-simple"},"jetpack_sharing_enabled":true,"_links":{"self":[{"href":"https:\/\/ddt.lv\/lv\/wp-json\/wp\/v2\/product\/27458"}],"collection":[{"href":"https:\/\/ddt.lv\/lv\/wp-json\/wp\/v2\/product"}],"about":[{"href":"https:\/\/ddt.lv\/lv\/wp-json\/wp\/v2\/types\/product"}],"replies":[{"embeddable":true,"href":"https:\/\/ddt.lv\/lv\/wp-json\/wp\/v2\/comments?post=27458"}],"wp:featuredmedia":[{"embeddable":true,"href":"https:\/\/ddt.lv\/lv\/wp-json\/wp\/v2\/media\/27463"}],"wp:attachment":[{"href":"https:\/\/ddt.lv\/lv\/wp-json\/wp\/v2\/media?parent=27458"}],"wp:term":[{"taxonomy":"product_cat","embeddable":true,"href":"https:\/\/ddt.lv\/lv\/wp-json\/wp\/v2\/product_cat?post=27458"},{"taxonomy":"product_tag","embeddable":true,"href":"https:\/\/ddt.lv\/lv\/wp-json\/wp\/v2\/product_tag?post=27458"},{"taxonomy":"yst_prominent_words","embeddable":true,"href":"https:\/\/ddt.lv\/lv\/wp-json\/wp\/v2\/yst_prominent_words?post=27458"}],"curies":[{"name":"wp","href":"https:\/\/api.w.org\/{rel}","templated":true}]}}