{"id":27430,"date":"2021-07-23T12:30:12","date_gmt":"2021-07-23T09:30:12","guid":{"rendered":"https:\/\/ddt.lv\/lv\/product\/18902-led-night-cutter-f40-6aa-vp1-lukturis-varta\/"},"modified":"2026-04-13T10:05:27","modified_gmt":"2026-04-13T07:05:27","slug":"18902-led-night-cutter-f40-6aa-vp1-lukturis-varta","status":"publish","type":"product","link":"https:\/\/ddt.lv\/lv\/product\/18902-led-night-cutter-f40-6aa-vp1-lukturis-varta\/","title":{"rendered":"18902 LED NIGHT CUTTER F40 6AA VP1 Lukturis VARTA"},"content":{"rendered":"<p>P\u0101rv\u0113r\u0161 nakti dien\u0101<br \/>\nAugst\u0101k\u0101s kvalit\u0101tes lukturis ar 6x AA baterij\u0101m, kas p\u0101rvalda nakti ar \u012bpa\u0161i spilgtu LED.<br \/>\nIeskaitot prec\u012bzu fokus\u0113\u0161anu un 4 gaismas re\u017e\u012bmus.3 spilgtuma,Stroboskopa zibspuldzes funkcija.<br \/>\nPrec\u012bzi fokus\u0113ts lieljaudas LED CREE.LED displejs, kad bateriju l\u012bmenis ir mazs.<br \/>\nPret \u0161\u013cakat\u0101m dro\u0161s.Anod\u0113ta alum\u012bnija II tipa korpuss.<\/p>","protected":false},"excerpt":{"rendered":"<p>P\u0101rv\u0113r\u0161 nakti dien\u0101 Augst\u0101k\u0101s kvalit\u0101tes lukturis ar 6x AA baterij\u0101m, kas p\u0101rvalda nakti ar \u012bpa\u0161i spilgtu LED. Ieskaitot prec\u012bzu fokus\u0113\u0161anu un 4 gaismas re\u017e\u012bmus.3 spilgtuma,Stroboskopa zibspuldzes funkcija. Prec\u012bzi fokus\u0113ts lieljaudas LED CREE.LED displejs, kad bateriju l\u012bmenis ir mazs. Pret \u0161\u013cakat\u0101m dro\u0161s.Anod\u0113ta alum\u012bnija II tipa korpuss.<\/p>\n","protected":false},"featured_media":27431,"comment_status":"closed","ping_status":"closed","template":"","meta":{"inline_featured_image":false},"product_cat":[772,727,726],"product_tag":[],"yst_prominent_words":[],"class_list":{"0":"post-27430","1":"product","2":"type-product","3":"status-publish","4":"has-post-thumbnail","6":"product_cat-atlaides","7":"product_cat-galvas","8":"product_cat-kabatas","10":"first","11":"outofstock","12":"sale","13":"taxable","14":"shipping-taxable","15":"purchasable","16":"product-type-simple"},"jetpack_sharing_enabled":true,"_links":{"self":[{"href":"https:\/\/ddt.lv\/lv\/wp-json\/wp\/v2\/product\/27430"}],"collection":[{"href":"https:\/\/ddt.lv\/lv\/wp-json\/wp\/v2\/product"}],"about":[{"href":"https:\/\/ddt.lv\/lv\/wp-json\/wp\/v2\/types\/product"}],"replies":[{"embeddable":true,"href":"https:\/\/ddt.lv\/lv\/wp-json\/wp\/v2\/comments?post=27430"}],"wp:featuredmedia":[{"embeddable":true,"href":"https:\/\/ddt.lv\/lv\/wp-json\/wp\/v2\/media\/27431"}],"wp:attachment":[{"href":"https:\/\/ddt.lv\/lv\/wp-json\/wp\/v2\/media?parent=27430"}],"wp:term":[{"taxonomy":"product_cat","embeddable":true,"href":"https:\/\/ddt.lv\/lv\/wp-json\/wp\/v2\/product_cat?post=27430"},{"taxonomy":"product_tag","embeddable":true,"href":"https:\/\/ddt.lv\/lv\/wp-json\/wp\/v2\/product_tag?post=27430"},{"taxonomy":"yst_prominent_words","embeddable":true,"href":"https:\/\/ddt.lv\/lv\/wp-json\/wp\/v2\/yst_prominent_words?post=27430"}],"curies":[{"name":"wp","href":"https:\/\/api.w.org\/{rel}","templated":true}]}}