{"id":27418,"date":"2021-07-22T15:50:11","date_gmt":"2021-07-22T12:50:11","guid":{"rendered":"https:\/\/ddt.lv\/lv\/product\/elektroenergijas-skaititajs-3x230-400v-0-5-100a-400ipm-kwh-schelinger\/"},"modified":"2026-04-13T09:57:55","modified_gmt":"2026-04-13T06:57:55","slug":"elektroenergijas-skaititajs-3x230-400v-0-5-100a-400ipm-kwh-schelinger","status":"publish","type":"product","link":"https:\/\/ddt.lv\/lv\/product\/elektroenergijas-skaititajs-3x230-400v-0-5-100a-400ipm-kwh-schelinger\/","title":{"rendered":"Elektroener\u0123ijas skait\u012bt\u0101js 3&#215;230\/400V 0.5-100A 400ipm\/kWh Schelinger"},"content":{"rendered":"<p>Elektroener\u0123ijas skait\u012bt\u0101js.<br \/>\nCE.<br \/>\nII aizsardz\u012bbas klase.<br \/>\nAizsardz\u012bbas pak\u0101pe IP51.<br \/>\nNomin\u0101lais spriegums 3x230V \/ 400V 50Hz.<br \/>\n6kV impulsa jauda.<br \/>\nB\u0101zes str\u0101va 10A.<br \/>\nMaksim\u0101l\u0101 str\u0101va 100A.<br \/>\nMinim\u0101l\u0101 str\u0101va 0,5A.<br \/>\nDarba temperat\u016bra -25 \u00b0 C \/ 55 \u00b0 C.<br \/>\n<\/p>","protected":false},"excerpt":{"rendered":"<p>Elektroener\u0123ijas skait\u012bt\u0101js. CE. II aizsardz\u012bbas klase. Aizsardz\u012bbas pak\u0101pe IP51. Nomin\u0101lais spriegums 3x230V \/ 400V 50Hz. 6kV impulsa jauda. B\u0101zes str\u0101va 10A. Maksim\u0101l\u0101 str\u0101va 100A. Minim\u0101l\u0101 str\u0101va 0,5A. Darba temperat\u016bra -25 \u00b0 C \/ 55 \u00b0 C.<\/p>\n","protected":false},"featured_media":27419,"comment_status":"closed","ping_status":"closed","template":"","meta":{"inline_featured_image":false},"product_cat":[1380,772],"product_tag":[],"yst_prominent_words":[],"class_list":{"0":"post-27418","1":"product","2":"type-product","3":"status-publish","4":"has-post-thumbnail","6":"product_cat-elektroenergijas-skaititaji","7":"product_cat-atlaides","9":"first","10":"outofstock","11":"sale","12":"taxable","13":"shipping-taxable","14":"purchasable","15":"product-type-simple"},"jetpack_sharing_enabled":true,"_links":{"self":[{"href":"https:\/\/ddt.lv\/lv\/wp-json\/wp\/v2\/product\/27418"}],"collection":[{"href":"https:\/\/ddt.lv\/lv\/wp-json\/wp\/v2\/product"}],"about":[{"href":"https:\/\/ddt.lv\/lv\/wp-json\/wp\/v2\/types\/product"}],"replies":[{"embeddable":true,"href":"https:\/\/ddt.lv\/lv\/wp-json\/wp\/v2\/comments?post=27418"}],"wp:featuredmedia":[{"embeddable":true,"href":"https:\/\/ddt.lv\/lv\/wp-json\/wp\/v2\/media\/27419"}],"wp:attachment":[{"href":"https:\/\/ddt.lv\/lv\/wp-json\/wp\/v2\/media?parent=27418"}],"wp:term":[{"taxonomy":"product_cat","embeddable":true,"href":"https:\/\/ddt.lv\/lv\/wp-json\/wp\/v2\/product_cat?post=27418"},{"taxonomy":"product_tag","embeddable":true,"href":"https:\/\/ddt.lv\/lv\/wp-json\/wp\/v2\/product_tag?post=27418"},{"taxonomy":"yst_prominent_words","embeddable":true,"href":"https:\/\/ddt.lv\/lv\/wp-json\/wp\/v2\/yst_prominent_words?post=27418"}],"curies":[{"name":"wp","href":"https:\/\/api.w.org\/{rel}","templated":true}]}}