{"id":27405,"date":"2021-07-21T13:50:23","date_gmt":"2021-07-21T10:50:23","guid":{"rendered":"https:\/\/ddt.lv\/lv\/product\/dur-aaa-6-base-baterija-alkaline-duracell\/"},"modified":"2026-04-13T10:00:28","modified_gmt":"2026-04-13T07:00:28","slug":"dur-aaa-6-base-baterija-alkaline-duracell","status":"publish","type":"product","link":"https:\/\/ddt.lv\/lv\/product\/dur-aaa-6-base-baterija-alkaline-duracell\/","title":{"rendered":"DUR AAA\/6 BASE baterija Alkaline DURACELL 6gab"},"content":{"rendered":"<p>Duracell Basic s\u0113rijas s\u0101rma baterijas ir piem\u0113rotas da\u017e\u0101d\u0101m ier\u012bc\u0113m ar zemu vai vid\u0113ju ener\u0123ijas pat\u0113ri\u0146u. Uzticama baro\u0161ana uz ilgu laiku vad\u012bbas pane\u013ciem, b\u0113rnu rota\u013cliet\u0101m, sp\u0113\u013cu konsol\u0113m, luktur\u012b\u0161iem, atska\u0146ot\u0101jiem.<\/p>\n<p><\/p>","protected":false},"excerpt":{"rendered":"<p>Duracell Basic s\u0113rijas s\u0101rma baterijas ir piem\u0113rotas da\u017e\u0101d\u0101m ier\u012bc\u0113m ar zemu vai vid\u0113ju ener\u0123ijas pat\u0113ri\u0146u. Uzticama baro\u0161ana uz ilgu laiku vad\u012bbas pane\u013ciem, b\u0113rnu rota\u013cliet\u0101m, sp\u0113\u013cu konsol\u0113m, luktur\u012b\u0161iem, atska\u0146ot\u0101jiem.<\/p>\n","protected":false},"featured_media":27410,"comment_status":"closed","ping_status":"closed","template":"","meta":{"inline_featured_image":false},"product_cat":[442],"product_tag":[],"yst_prominent_words":[],"class_list":{"0":"post-27405","1":"product","2":"type-product","3":"status-publish","4":"has-post-thumbnail","6":"product_cat-aaa","8":"first","9":"outofstock","10":"taxable","11":"shipping-taxable","12":"purchasable","13":"product-type-simple"},"jetpack_sharing_enabled":true,"_links":{"self":[{"href":"https:\/\/ddt.lv\/lv\/wp-json\/wp\/v2\/product\/27405"}],"collection":[{"href":"https:\/\/ddt.lv\/lv\/wp-json\/wp\/v2\/product"}],"about":[{"href":"https:\/\/ddt.lv\/lv\/wp-json\/wp\/v2\/types\/product"}],"replies":[{"embeddable":true,"href":"https:\/\/ddt.lv\/lv\/wp-json\/wp\/v2\/comments?post=27405"}],"wp:featuredmedia":[{"embeddable":true,"href":"https:\/\/ddt.lv\/lv\/wp-json\/wp\/v2\/media\/27410"}],"wp:attachment":[{"href":"https:\/\/ddt.lv\/lv\/wp-json\/wp\/v2\/media?parent=27405"}],"wp:term":[{"taxonomy":"product_cat","embeddable":true,"href":"https:\/\/ddt.lv\/lv\/wp-json\/wp\/v2\/product_cat?post=27405"},{"taxonomy":"product_tag","embeddable":true,"href":"https:\/\/ddt.lv\/lv\/wp-json\/wp\/v2\/product_tag?post=27405"},{"taxonomy":"yst_prominent_words","embeddable":true,"href":"https:\/\/ddt.lv\/lv\/wp-json\/wp\/v2\/yst_prominent_words?post=27405"}],"curies":[{"name":"wp","href":"https:\/\/api.w.org\/{rel}","templated":true}]}}