{"id":27404,"date":"2021-07-21T13:50:22","date_gmt":"2021-07-21T10:50:22","guid":{"rendered":"https:\/\/ddt.lv\/lv\/product\/56813-6-5-1-baterija-ladejama-accu-recycled-aaa-800mah-6gb-varta\/"},"modified":"2026-04-13T09:52:40","modified_gmt":"2026-04-13T06:52:40","slug":"56813-6-5-1-baterija-ladejama-accu-recycled-aaa-800mah-6gb-varta","status":"publish","type":"product","link":"https:\/\/ddt.lv\/lv\/product\/56813-6-5-1-baterija-ladejama-accu-recycled-aaa-800mah-6gb-varta\/","title":{"rendered":"56813\/6 (5+1) baterija l\u0101d\u0113jama Accu Recycled AAA 800mAh 6gb. VARTA"},"content":{"rendered":"<p>VARTA pied\u0101v\u0101 RECHARGE ACCU Endless \u0161\u016bnas katram pielietojumam un visilg\u0101kajam lietojumam. Ekonomisks, videi draudz\u012bgs un \u201cGatavs lieto\u0161anai\u201d produktu kl\u0101sts, kas atbilst visaugst\u0101kaj\u0101m pat\u0113r\u0113t\u0101ju pras\u012bb\u0101m. L\u012bdz 3500 uzl\u0101d\u0113m1 \u2022 Iepriek\u0161 uzl\u0101d\u0113ts un ar \u201cGatavs lieto\u0161anai\u201d tehnolo\u0123iju t\u016bl\u012bt\u0113jai lieto\u0161anai \u2022 \u013boti zema pa\u0161izl\u0101de: l\u012bdz 60% p\u0113c 5 gadu uzglab\u0101\u0161anas<\/p>","protected":false},"excerpt":{"rendered":"<p>VARTA pied\u0101v\u0101 RECHARGE ACCU Endless \u0161\u016bnas katram pielietojumam un visilg\u0101kajam lietojumam. Ekonomisks, videi draudz\u012bgs un \u201cGatavs lieto\u0161anai\u201d produktu kl\u0101sts, kas atbilst visaugst\u0101kaj\u0101m pat\u0113r\u0113t\u0101ju pras\u012bb\u0101m. L\u012bdz 3500 uzl\u0101d\u0113m1 \u2022 Iepriek\u0161 uzl\u0101d\u0113ts un ar \u201cGatavs lieto\u0161anai\u201d tehnolo\u0123iju t\u016bl\u012bt\u0113jai lieto\u0161anai \u2022 \u013boti zema pa\u0161izl\u0101de: l\u012bdz 60% p\u0113c 5 gadu uzglab\u0101\u0161anas<\/p>\n","protected":false},"featured_media":33164,"comment_status":"closed","ping_status":"closed","template":"","meta":{"inline_featured_image":false},"product_cat":[772,442],"product_tag":[],"yst_prominent_words":[],"class_list":{"0":"post-27404","1":"product","2":"type-product","3":"status-publish","4":"has-post-thumbnail","6":"product_cat-atlaides","7":"product_cat-aaa","9":"first","10":"instock","11":"sale","12":"taxable","13":"shipping-taxable","14":"purchasable","15":"product-type-simple"},"jetpack_sharing_enabled":true,"_links":{"self":[{"href":"https:\/\/ddt.lv\/lv\/wp-json\/wp\/v2\/product\/27404"}],"collection":[{"href":"https:\/\/ddt.lv\/lv\/wp-json\/wp\/v2\/product"}],"about":[{"href":"https:\/\/ddt.lv\/lv\/wp-json\/wp\/v2\/types\/product"}],"replies":[{"embeddable":true,"href":"https:\/\/ddt.lv\/lv\/wp-json\/wp\/v2\/comments?post=27404"}],"wp:featuredmedia":[{"embeddable":true,"href":"https:\/\/ddt.lv\/lv\/wp-json\/wp\/v2\/media\/33164"}],"wp:attachment":[{"href":"https:\/\/ddt.lv\/lv\/wp-json\/wp\/v2\/media?parent=27404"}],"wp:term":[{"taxonomy":"product_cat","embeddable":true,"href":"https:\/\/ddt.lv\/lv\/wp-json\/wp\/v2\/product_cat?post=27404"},{"taxonomy":"product_tag","embeddable":true,"href":"https:\/\/ddt.lv\/lv\/wp-json\/wp\/v2\/product_tag?post=27404"},{"taxonomy":"yst_prominent_words","embeddable":true,"href":"https:\/\/ddt.lv\/lv\/wp-json\/wp\/v2\/yst_prominent_words?post=27404"}],"curies":[{"name":"wp","href":"https:\/\/api.w.org\/{rel}","templated":true}]}}