{"id":27403,"date":"2021-07-21T13:50:21","date_gmt":"2021-07-21T10:50:21","guid":{"rendered":"https:\/\/ddt.lv\/lv\/product\/5703-4-aaa-baterijas-ladejamas-varta-accu-power-1000mah-4gb\/"},"modified":"2026-04-06T10:46:51","modified_gmt":"2026-04-06T07:46:51","slug":"5703-4-aaa-baterijas-ladejamas-varta-accu-power-1000mah-4gb","status":"publish","type":"product","link":"https:\/\/ddt.lv\/lv\/product\/5703-4-aaa-baterijas-ladejamas-varta-accu-power-1000mah-4gb\/","title":{"rendered":"5703\/4 AAA baterijas l\u0101d\u0113jamas VARTA Accu Power 1000mAh 4gb."},"content":{"rendered":"<p>\u0160aj\u0101 sist\u0113m\u0101 VARTA apvieno visus jaud\u012bgos ener\u0123ijas risin\u0101jumus, kurus izmanto digit\u0101lo un mobilo augsto tehnolo\u0123iju lietojumprogramm\u0101s.<br \/>\n&#8211; Uzl\u0101d\u0113jama ar visiem standarta l\u0101d\u0113t\u0101jiem<br \/>\n&#8211; Uzl\u0101d\u0113jama bez atmi\u0146as efekta<br \/>\n&#8211; \u013coti zema pa\u0161izl\u0101de (izl\u0101de)<\/p>","protected":false},"excerpt":{"rendered":"<p>\u0160aj\u0101 sist\u0113m\u0101 VARTA apvieno visus jaud\u012bgos ener\u0123ijas risin\u0101jumus, kurus izmanto digit\u0101lo un mobilo augsto tehnolo\u0123iju lietojumprogramm\u0101s. &#8211; Uzl\u0101d\u0113jama ar visiem standarta l\u0101d\u0113t\u0101jiem &#8211; Uzl\u0101d\u0113jama bez atmi\u0146as efekta &#8211; \u013coti zema pa\u0161izl\u0101de (izl\u0101de)<\/p>\n","protected":false},"featured_media":33165,"comment_status":"closed","ping_status":"closed","template":"","meta":{"inline_featured_image":false},"product_cat":[442],"product_tag":[],"yst_prominent_words":[],"class_list":{"0":"post-27403","1":"product","2":"type-product","3":"status-publish","4":"has-post-thumbnail","6":"product_cat-aaa","8":"first","9":"instock","10":"taxable","11":"shipping-taxable","12":"purchasable","13":"product-type-simple"},"jetpack_sharing_enabled":true,"_links":{"self":[{"href":"https:\/\/ddt.lv\/lv\/wp-json\/wp\/v2\/product\/27403"}],"collection":[{"href":"https:\/\/ddt.lv\/lv\/wp-json\/wp\/v2\/product"}],"about":[{"href":"https:\/\/ddt.lv\/lv\/wp-json\/wp\/v2\/types\/product"}],"replies":[{"embeddable":true,"href":"https:\/\/ddt.lv\/lv\/wp-json\/wp\/v2\/comments?post=27403"}],"wp:featuredmedia":[{"embeddable":true,"href":"https:\/\/ddt.lv\/lv\/wp-json\/wp\/v2\/media\/33165"}],"wp:attachment":[{"href":"https:\/\/ddt.lv\/lv\/wp-json\/wp\/v2\/media?parent=27403"}],"wp:term":[{"taxonomy":"product_cat","embeddable":true,"href":"https:\/\/ddt.lv\/lv\/wp-json\/wp\/v2\/product_cat?post=27403"},{"taxonomy":"product_tag","embeddable":true,"href":"https:\/\/ddt.lv\/lv\/wp-json\/wp\/v2\/product_tag?post=27403"},{"taxonomy":"yst_prominent_words","embeddable":true,"href":"https:\/\/ddt.lv\/lv\/wp-json\/wp\/v2\/yst_prominent_words?post=27403"}],"curies":[{"name":"wp","href":"https:\/\/api.w.org\/{rel}","templated":true}]}}