{"id":27365,"date":"2021-07-20T15:50:24","date_gmt":"2021-07-20T12:50:24","guid":{"rendered":"https:\/\/ddt.lv\/lv\/product\/lukturis-piekarins-kosmoss-1led\/"},"modified":"2026-04-08T14:37:23","modified_gmt":"2026-04-08T11:37:23","slug":"lukturis-piekarins-kosmoss-1led","status":"publish","type":"product","link":"https:\/\/ddt.lv\/lv\/product\/lukturis-piekarins-kosmoss-1led\/","title":{"rendered":"(English) Pendant light SPACE 1LED &lt;5lm (3xLR1130) EMOSLukturis-piekari\u0146\u0161 KOSMOSS 1LED"},"content":{"rendered":"<p>Baro\u0161anas avots 3 \u00d7 1,5 V LR54 (iek\u013cautas). Re\u017e\u012bmi iesl\u0113gt, izsl\u0113gt. maksim\u0101l\u0101 gaismas pl\u016bsma 5 lm. plastmasas materi\u0101ls. Gaismas avots 1 \u00d7 LED. <\/p>","protected":false},"excerpt":{"rendered":"<p>Baro\u0161anas avots 3 \u00d7 1,5 V LR54 (iek\u013cautas). Re\u017e\u012bmi iesl\u0113gt, izsl\u0113gt. maksim\u0101l\u0101 gaismas pl\u016bsma 5 lm. plastmasas materi\u0101ls. Gaismas avots 1 \u00d7 LED.<\/p>\n","protected":false},"featured_media":27396,"comment_status":"closed","ping_status":"closed","template":"","meta":{"inline_featured_image":false},"product_cat":[726],"product_tag":[],"yst_prominent_words":[],"class_list":{"0":"post-27365","1":"product","2":"type-product","3":"status-publish","4":"has-post-thumbnail","6":"product_cat-kabatas","8":"first","9":"instock","10":"taxable","11":"shipping-taxable","12":"purchasable","13":"product-type-simple"},"jetpack_sharing_enabled":true,"_links":{"self":[{"href":"https:\/\/ddt.lv\/lv\/wp-json\/wp\/v2\/product\/27365"}],"collection":[{"href":"https:\/\/ddt.lv\/lv\/wp-json\/wp\/v2\/product"}],"about":[{"href":"https:\/\/ddt.lv\/lv\/wp-json\/wp\/v2\/types\/product"}],"replies":[{"embeddable":true,"href":"https:\/\/ddt.lv\/lv\/wp-json\/wp\/v2\/comments?post=27365"}],"wp:featuredmedia":[{"embeddable":true,"href":"https:\/\/ddt.lv\/lv\/wp-json\/wp\/v2\/media\/27396"}],"wp:attachment":[{"href":"https:\/\/ddt.lv\/lv\/wp-json\/wp\/v2\/media?parent=27365"}],"wp:term":[{"taxonomy":"product_cat","embeddable":true,"href":"https:\/\/ddt.lv\/lv\/wp-json\/wp\/v2\/product_cat?post=27365"},{"taxonomy":"product_tag","embeddable":true,"href":"https:\/\/ddt.lv\/lv\/wp-json\/wp\/v2\/product_tag?post=27365"},{"taxonomy":"yst_prominent_words","embeddable":true,"href":"https:\/\/ddt.lv\/lv\/wp-json\/wp\/v2\/yst_prominent_words?post=27365"}],"curies":[{"name":"wp","href":"https:\/\/api.w.org\/{rel}","templated":true}]}}