{"id":27360,"date":"2021-07-20T15:40:23","date_gmt":"2021-07-20T12:40:23","guid":{"rendered":"https:\/\/ddt.lv\/lv\/product\/ligzda-ar-sledzi-un-areju-aizsardzibas-vacinu-ip44-ar-zemejumu-emos\/"},"modified":"2026-04-08T14:37:06","modified_gmt":"2026-04-08T11:37:06","slug":"ligzda-ar-sledzi-un-areju-aizsardzibas-vacinu-ip44-ar-zemejumu-emos","status":"publish","type":"product","link":"https:\/\/ddt.lv\/lv\/product\/ligzda-ar-sledzi-un-areju-aizsardzibas-vacinu-ip44-ar-zemejumu-emos\/","title":{"rendered":"Ligzda ar sl\u0113dzi un \u0101r\u0113ju aizsardz\u012bbas v\u0101ci\u0146u IP44 ar zem\u0113jumu EMOS"},"content":{"rendered":"<p>Kontaktligzda ar sl\u0113dzi. Kontaktligzdu skaits 1 \u00d7 2P + PE. Sl\u0113dzis .Spriegums \/ str\u0101va 250 V ~ \/ 16 A maks. B\u0113rnu aizsardz\u012bba.  Aizsardz\u012bba IP44. Materi\u0101ls plastmasa. Tips SCHUKO. <\/p>","protected":false},"excerpt":{"rendered":"<p>Kontaktligzda ar sl\u0113dzi. Kontaktligzdu skaits 1 \u00d7 2P + PE. Sl\u0113dzis .Spriegums \/ str\u0101va 250 V ~ \/ 16 A maks. B\u0113rnu aizsardz\u012bba. Aizsardz\u012bba IP44. Materi\u0101ls plastmasa. Tips SCHUKO.<\/p>\n","protected":false},"featured_media":27377,"comment_status":"closed","ping_status":"closed","template":"","meta":{"inline_featured_image":false},"product_cat":[1301],"product_tag":[],"yst_prominent_words":[],"class_list":{"0":"post-27360","1":"product","2":"type-product","3":"status-publish","4":"has-post-thumbnail","6":"product_cat-rozetes","8":"first","9":"instock","10":"taxable","11":"shipping-taxable","12":"purchasable","13":"product-type-simple"},"jetpack_sharing_enabled":true,"_links":{"self":[{"href":"https:\/\/ddt.lv\/lv\/wp-json\/wp\/v2\/product\/27360"}],"collection":[{"href":"https:\/\/ddt.lv\/lv\/wp-json\/wp\/v2\/product"}],"about":[{"href":"https:\/\/ddt.lv\/lv\/wp-json\/wp\/v2\/types\/product"}],"replies":[{"embeddable":true,"href":"https:\/\/ddt.lv\/lv\/wp-json\/wp\/v2\/comments?post=27360"}],"wp:featuredmedia":[{"embeddable":true,"href":"https:\/\/ddt.lv\/lv\/wp-json\/wp\/v2\/media\/27377"}],"wp:attachment":[{"href":"https:\/\/ddt.lv\/lv\/wp-json\/wp\/v2\/media?parent=27360"}],"wp:term":[{"taxonomy":"product_cat","embeddable":true,"href":"https:\/\/ddt.lv\/lv\/wp-json\/wp\/v2\/product_cat?post=27360"},{"taxonomy":"product_tag","embeddable":true,"href":"https:\/\/ddt.lv\/lv\/wp-json\/wp\/v2\/product_tag?post=27360"},{"taxonomy":"yst_prominent_words","embeddable":true,"href":"https:\/\/ddt.lv\/lv\/wp-json\/wp\/v2\/yst_prominent_words?post=27360"}],"curies":[{"name":"wp","href":"https:\/\/api.w.org\/{rel}","templated":true}]}}