{"id":27358,"date":"2021-07-20T15:40:21","date_gmt":"2021-07-20T12:40:21","guid":{"rendered":"https:\/\/ddt.lv\/lv\/product\/spuldze-t25-40w-e14-400lm-230v-tvaika-nosucejiem-emos\/"},"modified":"2026-04-10T14:10:30","modified_gmt":"2026-04-10T11:10:30","slug":"spuldze-t25-40w-e14-400lm-230v-tvaika-nosucejiem-emos","status":"publish","type":"product","link":"https:\/\/ddt.lv\/lv\/product\/spuldze-t25-40w-e14-400lm-230v-tvaika-nosucejiem-emos\/","title":{"rendered":"Spuldze T25 40W E14 400lm 230V tvaika nos\u016bc\u0113jiem EMOS"},"content":{"rendered":"<p>Cauru\u013cveida caursp\u012bd\u012bga spuldze virtuves tvaika nos\u016bc\u0113jiem.<\/p>","protected":false},"excerpt":{"rendered":"<p>Cauru\u013cveida caursp\u012bd\u012bga spuldze virtuves tvaika nos\u016bc\u0113jiem.<\/p>\n","protected":false},"featured_media":27375,"comment_status":"closed","ping_status":"closed","template":"","meta":{"inline_featured_image":false},"product_cat":[856],"product_tag":[],"yst_prominent_words":[],"class_list":{"0":"post-27358","1":"product","2":"type-product","3":"status-publish","4":"has-post-thumbnail","6":"product_cat-spec-pielietojuma-kvelspuldzes-spuldzes","8":"first","9":"instock","10":"taxable","11":"shipping-taxable","12":"purchasable","13":"product-type-simple"},"jetpack_sharing_enabled":true,"_links":{"self":[{"href":"https:\/\/ddt.lv\/lv\/wp-json\/wp\/v2\/product\/27358"}],"collection":[{"href":"https:\/\/ddt.lv\/lv\/wp-json\/wp\/v2\/product"}],"about":[{"href":"https:\/\/ddt.lv\/lv\/wp-json\/wp\/v2\/types\/product"}],"replies":[{"embeddable":true,"href":"https:\/\/ddt.lv\/lv\/wp-json\/wp\/v2\/comments?post=27358"}],"wp:featuredmedia":[{"embeddable":true,"href":"https:\/\/ddt.lv\/lv\/wp-json\/wp\/v2\/media\/27375"}],"wp:attachment":[{"href":"https:\/\/ddt.lv\/lv\/wp-json\/wp\/v2\/media?parent=27358"}],"wp:term":[{"taxonomy":"product_cat","embeddable":true,"href":"https:\/\/ddt.lv\/lv\/wp-json\/wp\/v2\/product_cat?post=27358"},{"taxonomy":"product_tag","embeddable":true,"href":"https:\/\/ddt.lv\/lv\/wp-json\/wp\/v2\/product_tag?post=27358"},{"taxonomy":"yst_prominent_words","embeddable":true,"href":"https:\/\/ddt.lv\/lv\/wp-json\/wp\/v2\/yst_prominent_words?post=27358"}],"curies":[{"name":"wp","href":"https:\/\/api.w.org\/{rel}","templated":true}]}}