{"id":27346,"date":"2021-07-19T13:00:14","date_gmt":"2021-07-19T10:00:14","guid":{"rendered":"https:\/\/ddt.lv\/lv\/product\/eco-dekorativa-svece-28w-e14-240v-370lm-halogen-spuldze-avide\/"},"modified":"2026-04-13T10:00:31","modified_gmt":"2026-04-13T07:00:31","slug":"eco-dekorativa-svece-28w-e14-240v-370lm-halogen-spuldze-avide","status":"publish","type":"product","link":"https:\/\/ddt.lv\/lv\/product\/eco-dekorativa-svece-28w-e14-240v-370lm-halogen-spuldze-avide\/","title":{"rendered":"ECO dekorat\u012bv\u0101 svec\u012bte 28W E14 240V 370lm halogen spuldze  AVIDE"},"content":{"rendered":"<p>Halog\u0113na tehnolo\u0123ija tagad ir pla\u0161i izplat\u012bta vis\u0101 pasaul\u0113, nodro\u0161inot visiem viegli pieejamu gaismas avotu. Atbilsto\u0161i jaun\u0101kaj\u0101m tendenc\u0113m m\u016bsu produktiem ir est\u0113tiski pievilc\u012bgs un ergonomisks dizains. P\u0113c izm\u0113ra un spilgtuma tie atg\u0101dina tradicion\u0101los gaismas avotus, turkl\u0101t tie nodro\u0161ina t\u0101du pa\u0161u gaismu, bet ar 30% maz\u0101ku ener\u0123ijas pat\u0113ri\u0146u. T\u0101 k\u0101 produktu var regul\u0113t, to var piel\u0101got, pamatojoties uz person\u012bgaj\u0101m v\u0113lm\u0113m vai apgaismojam\u0101s vietas \u012bpa\u0161\u012bb\u0101m.<\/p>","protected":false},"excerpt":{"rendered":"<p>Halog\u0113na tehnolo\u0123ija tagad ir pla\u0161i izplat\u012bta vis\u0101 pasaul\u0113, nodro\u0161inot visiem viegli pieejamu gaismas avotu. Atbilsto\u0161i jaun\u0101kaj\u0101m tendenc\u0113m m\u016bsu produktiem ir est\u0113tiski pievilc\u012bgs un ergonomisks dizains. P\u0113c izm\u0113ra un spilgtuma tie atg\u0101dina tradicion\u0101los gaismas avotus, turkl\u0101t tie nodro\u0161ina t\u0101du pa\u0161u gaismu, bet ar 30% maz\u0101ku ener\u0123ijas pat\u0113ri\u0146u. T\u0101 k\u0101 produktu var regul\u0113t, to var piel\u0101got, pamatojoties [&hellip;]<\/p>\n","protected":false},"featured_media":27351,"comment_status":"closed","ping_status":"closed","template":"","meta":{"inline_featured_image":false},"product_cat":[1365],"product_tag":[],"yst_prominent_words":[],"class_list":{"0":"post-27346","1":"product","2":"type-product","3":"status-publish","4":"has-post-thumbnail","6":"product_cat-eco-halogen-spuldzes","8":"first","9":"instock","10":"taxable","11":"shipping-taxable","12":"purchasable","13":"product-type-simple"},"jetpack_sharing_enabled":true,"_links":{"self":[{"href":"https:\/\/ddt.lv\/lv\/wp-json\/wp\/v2\/product\/27346"}],"collection":[{"href":"https:\/\/ddt.lv\/lv\/wp-json\/wp\/v2\/product"}],"about":[{"href":"https:\/\/ddt.lv\/lv\/wp-json\/wp\/v2\/types\/product"}],"replies":[{"embeddable":true,"href":"https:\/\/ddt.lv\/lv\/wp-json\/wp\/v2\/comments?post=27346"}],"wp:featuredmedia":[{"embeddable":true,"href":"https:\/\/ddt.lv\/lv\/wp-json\/wp\/v2\/media\/27351"}],"wp:attachment":[{"href":"https:\/\/ddt.lv\/lv\/wp-json\/wp\/v2\/media?parent=27346"}],"wp:term":[{"taxonomy":"product_cat","embeddable":true,"href":"https:\/\/ddt.lv\/lv\/wp-json\/wp\/v2\/product_cat?post=27346"},{"taxonomy":"product_tag","embeddable":true,"href":"https:\/\/ddt.lv\/lv\/wp-json\/wp\/v2\/product_tag?post=27346"},{"taxonomy":"yst_prominent_words","embeddable":true,"href":"https:\/\/ddt.lv\/lv\/wp-json\/wp\/v2\/yst_prominent_words?post=27346"}],"curies":[{"name":"wp","href":"https:\/\/api.w.org\/{rel}","templated":true}]}}