{"id":27309,"date":"2021-07-08T13:00:13","date_gmt":"2021-07-08T10:00:13","guid":{"rendered":"https:\/\/ddt.lv\/lv\/product\/f18w-blb-t8-blacklight-blue-retail-luminiscenta-spuldze-sylvania\/"},"modified":"2026-04-01T00:25:34","modified_gmt":"2026-03-31T21:25:34","slug":"f18w-blb-t8-blacklight-blue-retail-luminiscenta-spuldze-sylvania","status":"publish","type":"product","link":"https:\/\/ddt.lv\/lv\/product\/f18w-blb-t8-blacklight-blue-retail-luminiscenta-spuldze-sylvania\/","title":{"rendered":"F18W\/BLB T8 Blacklight Blue Retail luminiscent\u0101 spuldze Sylvania"},"content":{"rendered":"<p>Luminicent\u0101 spuldze Sylvania black Light T8 F18 BLB Blacklight Blue 18W G13. Jauda 18W. Kontaktligzda G13. Pielietojums: apgaismojuma efekti izklaides viet\u0101s, bankno\u0161u autentifik\u0101cija, pases un autovad\u012bt\u0101ja apliec\u012bbas autentifik\u0101cija. Spuldzes garums: 59 cm.<\/p>","protected":false},"excerpt":{"rendered":"<p>Luminicent\u0101 spuldze Sylvania black Light T8 F18 BLB Blacklight Blue 18W G13. Jauda 18W. Kontaktligzda G13. Pielietojums: apgaismojuma efekti izklaides viet\u0101s, bankno\u0161u autentifik\u0101cija, pases un autovad\u012bt\u0101ja apliec\u012bbas autentifik\u0101cija. Spuldzes garums: 59 cm.<\/p>\n","protected":false},"featured_media":27311,"comment_status":"closed","ping_status":"closed","template":"","meta":{"inline_featured_image":false},"product_cat":[1712,772],"product_tag":[],"yst_prominent_words":[],"class_list":{"0":"post-27309","1":"product","2":"type-product","3":"status-publish","4":"has-post-thumbnail","6":"product_cat-speciala-pielietojuma-spuldzes-luminiscentas-spuldzes-spuldzes","7":"product_cat-atlaides","9":"first","10":"outofstock","11":"sale","12":"taxable","13":"shipping-taxable","14":"purchasable","15":"product-type-simple"},"jetpack_sharing_enabled":true,"_links":{"self":[{"href":"https:\/\/ddt.lv\/lv\/wp-json\/wp\/v2\/product\/27309"}],"collection":[{"href":"https:\/\/ddt.lv\/lv\/wp-json\/wp\/v2\/product"}],"about":[{"href":"https:\/\/ddt.lv\/lv\/wp-json\/wp\/v2\/types\/product"}],"replies":[{"embeddable":true,"href":"https:\/\/ddt.lv\/lv\/wp-json\/wp\/v2\/comments?post=27309"}],"wp:featuredmedia":[{"embeddable":true,"href":"https:\/\/ddt.lv\/lv\/wp-json\/wp\/v2\/media\/27311"}],"wp:attachment":[{"href":"https:\/\/ddt.lv\/lv\/wp-json\/wp\/v2\/media?parent=27309"}],"wp:term":[{"taxonomy":"product_cat","embeddable":true,"href":"https:\/\/ddt.lv\/lv\/wp-json\/wp\/v2\/product_cat?post=27309"},{"taxonomy":"product_tag","embeddable":true,"href":"https:\/\/ddt.lv\/lv\/wp-json\/wp\/v2\/product_tag?post=27309"},{"taxonomy":"yst_prominent_words","embeddable":true,"href":"https:\/\/ddt.lv\/lv\/wp-json\/wp\/v2\/yst_prominent_words?post=27309"}],"curies":[{"name":"wp","href":"https:\/\/api.w.org\/{rel}","templated":true}]}}