{"id":27277,"date":"2021-07-01T16:00:29","date_gmt":"2021-07-01T13:00:29","guid":{"rendered":"https:\/\/ddt.lv\/lv\/product\/gazes-deglis-1-3kw-1300c\/"},"modified":"2026-04-01T00:17:39","modified_gmt":"2026-03-31T21:17:39","slug":"gazes-deglis-1-3kw-1300c","status":"publish","type":"product","link":"https:\/\/ddt.lv\/lv\/product\/gazes-deglis-1-3kw-1300c\/","title":{"rendered":"G\u0101zes deglis 1.3kW 1300\u00b0C"},"content":{"rendered":"<p>Autom\u0101tiska g\u0101zes deg\u013ca sprausla Flame Gun 900 ar pjezo aizdedzi. Sakar\u0101 ar pjezo aizdedzes kl\u0101tb\u016btni, \u0161\u0101du degli ir \u0113rti izmantot ar vienu roku. plastmasas un stikla izstr\u0101d\u0101jumu kaus\u0113\u0161anai un metin\u0101\u0161anai; kr\u0101sas no\u0146em\u0161ana; virsmas apstr\u0101de ra\u017eo\u0161an\u0101 un laboratorijas apst\u0101k\u013cos; Attiec\u012bb\u0101 uz sl\u0113dze\u0146u atkaus\u0113\u0161anu: piesardz\u012bbas pas\u0101kumi: Pirms lietojat g\u0101zes degli Flame Gun 900, izlasiet dro\u0161\u012bbas pas\u0101kumus un lieto\u0161anas instrukcijas uz deg\u013ca iepakojuma. Deglis j\u0101sasilst pirmaj\u0101s div\u0101s min\u016bt\u0113s. Lai sasil\u0161anas laik\u0101 izvair\u012btos no g\u0101zes pl\u012b\u0161anas, nenolieciet degli vair\u0101k par 75 gr\u0101diem no vertik\u0101l\u0101 st\u0101vok\u013ca.<\/p>\n<p>Sader\u012bgs g\u0101zes rezervu\u0101rs &#8211; kods: 558011<\/p>\n<p>&nbsp;<\/p>","protected":false},"excerpt":{"rendered":"<p>Autom\u0101tiska g\u0101zes deg\u013ca sprausla Flame Gun 900 ar pjezo aizdedzi. Sakar\u0101 ar pjezo aizdedzes kl\u0101tb\u016btni, \u0161\u0101du degli ir \u0113rti izmantot ar vienu roku. plastmasas un stikla izstr\u0101d\u0101jumu kaus\u0113\u0161anai un metin\u0101\u0161anai; kr\u0101sas no\u0146em\u0161ana; virsmas apstr\u0101de ra\u017eo\u0161an\u0101 un laboratorijas apst\u0101k\u013cos; Attiec\u012bb\u0101 uz sl\u0113dze\u0146u atkaus\u0113\u0161anu: piesardz\u012bbas pas\u0101kumi: Pirms lietojat g\u0101zes degli Flame Gun 900, izlasiet dro\u0161\u012bbas pas\u0101kumus un [&hellip;]<\/p>\n","protected":false},"featured_media":27278,"comment_status":"closed","ping_status":"closed","template":"","meta":{"inline_featured_image":false},"product_cat":[1584,772,917],"product_tag":[],"yst_prominent_words":[],"class_list":{"0":"post-27277","1":"product","2":"type-product","3":"status-publish","4":"has-post-thumbnail","6":"product_cat-grilli-gazes-plitinas-degli","7":"product_cat-atlaides","8":"product_cat-gazes-baloni-plitinas-degli","10":"first","11":"outofstock","12":"sale","13":"taxable","14":"shipping-taxable","15":"purchasable","16":"product-type-simple"},"jetpack_sharing_enabled":true,"_links":{"self":[{"href":"https:\/\/ddt.lv\/lv\/wp-json\/wp\/v2\/product\/27277"}],"collection":[{"href":"https:\/\/ddt.lv\/lv\/wp-json\/wp\/v2\/product"}],"about":[{"href":"https:\/\/ddt.lv\/lv\/wp-json\/wp\/v2\/types\/product"}],"replies":[{"embeddable":true,"href":"https:\/\/ddt.lv\/lv\/wp-json\/wp\/v2\/comments?post=27277"}],"wp:featuredmedia":[{"embeddable":true,"href":"https:\/\/ddt.lv\/lv\/wp-json\/wp\/v2\/media\/27278"}],"wp:attachment":[{"href":"https:\/\/ddt.lv\/lv\/wp-json\/wp\/v2\/media?parent=27277"}],"wp:term":[{"taxonomy":"product_cat","embeddable":true,"href":"https:\/\/ddt.lv\/lv\/wp-json\/wp\/v2\/product_cat?post=27277"},{"taxonomy":"product_tag","embeddable":true,"href":"https:\/\/ddt.lv\/lv\/wp-json\/wp\/v2\/product_tag?post=27277"},{"taxonomy":"yst_prominent_words","embeddable":true,"href":"https:\/\/ddt.lv\/lv\/wp-json\/wp\/v2\/yst_prominent_words?post=27277"}],"curies":[{"name":"wp","href":"https:\/\/api.w.org\/{rel}","templated":true}]}}