{"id":27276,"date":"2021-07-01T16:00:29","date_gmt":"2021-07-01T13:00:29","guid":{"rendered":"https:\/\/ddt.lv\/lv\/product\/gazes-deglis-1300c\/"},"modified":"2026-04-05T11:55:21","modified_gmt":"2026-04-05T08:55:21","slug":"gazes-deglis-1300c","status":"publish","type":"product","link":"https:\/\/ddt.lv\/lv\/product\/gazes-deglis-1300c\/","title":{"rendered":"G\u0101zes deglis 1300\u00b0C"},"content":{"rendered":"<p>Tas ir piem\u0113rots restor\u0101niem un m\u0101jsaimniec\u012bb\u0101m, lai pagatavotu \u0113dienu.<br \/>\nAtdzes\u0113jiet ga\u013cu un \u016bdens cauruli.<br \/>\nPiknikam.<br \/>\nLauksaimniec\u012bbai un d\u0101rzkop\u012bb\u0101.<br \/>\nIzmantojiet karstum\u0101 sar\u016bko\u0161\u0101m uzmav\u0101m un to savienot\u0101jiem.<br \/>\nIzmantojiet mikrometin\u0101\u0161an\u0101, kas saist\u012bta ar vara metin\u0101\u0161anu, sudraba metin\u0101\u0161anu, alvas metin\u0101\u0161anu un rot\u0101jumu apstr\u0101di.<br \/>\nKaus\u0113\u0161ana, metin\u0101\u0161ana, virsmas apstr\u0101de un viet\u0113ja apkure darbn\u012bc\u0101, gar\u0101\u017e\u0101 un laboratorij\u0101.<\/p>\n<p>Sader\u012bgs g\u0101zes rezervu\u0101rs &#8211; kods: 558011<\/p>","protected":false},"excerpt":{"rendered":"<p>Tas ir piem\u0113rots restor\u0101niem un m\u0101jsaimniec\u012bb\u0101m, lai pagatavotu \u0113dienu. Atdzes\u0113jiet ga\u013cu un \u016bdens cauruli. Piknikam. Lauksaimniec\u012bbai un d\u0101rzkop\u012bb\u0101. Izmantojiet karstum\u0101 sar\u016bko\u0161\u0101m uzmav\u0101m un to savienot\u0101jiem. Izmantojiet mikrometin\u0101\u0161an\u0101, kas saist\u012bta ar vara metin\u0101\u0161anu, sudraba metin\u0101\u0161anu, alvas metin\u0101\u0161anu un rot\u0101jumu apstr\u0101di. Kaus\u0113\u0161ana, metin\u0101\u0161ana, virsmas apstr\u0101de un viet\u0113ja apkure darbn\u012bc\u0101, gar\u0101\u017e\u0101 un laboratorij\u0101. Sader\u012bgs g\u0101zes rezervu\u0101rs &#8211; kods: [&hellip;]<\/p>\n","protected":false},"featured_media":27281,"comment_status":"closed","ping_status":"closed","template":"","meta":{"inline_featured_image":false},"product_cat":[1584,772,917],"product_tag":[],"yst_prominent_words":[],"class_list":{"0":"post-27276","1":"product","2":"type-product","3":"status-publish","4":"has-post-thumbnail","6":"product_cat-grilli-gazes-plitinas-degli","7":"product_cat-atlaides","8":"product_cat-gazes-baloni-plitinas-degli","10":"first","11":"instock","12":"sale","13":"taxable","14":"shipping-taxable","15":"purchasable","16":"product-type-simple"},"jetpack_sharing_enabled":true,"_links":{"self":[{"href":"https:\/\/ddt.lv\/lv\/wp-json\/wp\/v2\/product\/27276"}],"collection":[{"href":"https:\/\/ddt.lv\/lv\/wp-json\/wp\/v2\/product"}],"about":[{"href":"https:\/\/ddt.lv\/lv\/wp-json\/wp\/v2\/types\/product"}],"replies":[{"embeddable":true,"href":"https:\/\/ddt.lv\/lv\/wp-json\/wp\/v2\/comments?post=27276"}],"wp:featuredmedia":[{"embeddable":true,"href":"https:\/\/ddt.lv\/lv\/wp-json\/wp\/v2\/media\/27281"}],"wp:attachment":[{"href":"https:\/\/ddt.lv\/lv\/wp-json\/wp\/v2\/media?parent=27276"}],"wp:term":[{"taxonomy":"product_cat","embeddable":true,"href":"https:\/\/ddt.lv\/lv\/wp-json\/wp\/v2\/product_cat?post=27276"},{"taxonomy":"product_tag","embeddable":true,"href":"https:\/\/ddt.lv\/lv\/wp-json\/wp\/v2\/product_tag?post=27276"},{"taxonomy":"yst_prominent_words","embeddable":true,"href":"https:\/\/ddt.lv\/lv\/wp-json\/wp\/v2\/yst_prominent_words?post=27276"}],"curies":[{"name":"wp","href":"https:\/\/api.w.org\/{rel}","templated":true}]}}