{"id":27270,"date":"2021-07-01T15:10:18","date_gmt":"2021-07-01T12:10:18","guid":{"rendered":"https:\/\/ddt.lv\/lv\/product\/velo-lukturis-2w-led-ladejams-usb-100lm-sarkans-balts-mirgojoss-ip44-entac\/"},"modified":"2026-04-13T09:56:34","modified_gmt":"2026-04-13T06:56:34","slug":"velo-lukturis-2w-led-ladejams-usb-100lm-sarkans-balts-mirgojoss-ip44-entac","status":"publish","type":"product","link":"https:\/\/ddt.lv\/lv\/product\/velo-lukturis-2w-led-ladejams-usb-100lm-sarkans-balts-mirgojoss-ip44-entac\/","title":{"rendered":"Velo lukturis 2W LED l\u0101d\u0113jams USB 100lm sarkans\/balts  mirgojo\u0161s IP44 ENTAC"},"content":{"rendered":"<p>Izv\u0113lieties dro\u0161u brauk\u0161anu ar m\u016bsu kompaktajiem Entac COB velosip\u0113du lukturiem, kurus ir viegli uzst\u0101d\u012bt uz velosip\u0113da un kuriem ir divas apgaismojuma funkcijas &#8211; sarkan\u0101 un balt\u0101. Pateicoties \u016bdens un putek\u013cu necaurlaid\u012bgaj\u0101m IP44 \u012bpa\u0161\u012bb\u0101m, tie ir patiesi ilgsto\u0161i. Entac COB velosip\u0113du gaismas ir pieejamas ar 2W jaudu un 100 l\u016bmenu spilgtumu. Tie ir apr\u012bkoti ar litija jonu akumulatoru, kuru var uzl\u0101d\u0113t ar USB. Rot\u0113jo\u0161\u0101s lampas tur\u0113t\u0101ja d\u0113\u013c j\u016bs varat novietot lampu sev vispiem\u0113rot\u0101kaj\u0101 veid\u0101.<\/p>\n<p><\/p>","protected":false},"excerpt":{"rendered":"<p>Izv\u0113lieties dro\u0161u brauk\u0161anu ar m\u016bsu kompaktajiem Entac COB velosip\u0113du lukturiem, kurus ir viegli uzst\u0101d\u012bt uz velosip\u0113da un kuriem ir divas apgaismojuma funkcijas &#8211; sarkan\u0101 un balt\u0101. Pateicoties \u016bdens un putek\u013cu necaurlaid\u012bgaj\u0101m IP44 \u012bpa\u0161\u012bb\u0101m, tie ir patiesi ilgsto\u0161i. Entac COB velosip\u0113du gaismas ir pieejamas ar 2W jaudu un 100 l\u016bmenu spilgtumu. Tie ir apr\u012bkoti ar litija [&hellip;]<\/p>\n","protected":false},"featured_media":27271,"comment_status":"closed","ping_status":"closed","template":"","meta":{"inline_featured_image":false},"product_cat":[1328],"product_tag":[],"yst_prominent_words":[],"class_list":{"0":"post-27270","1":"product","2":"type-product","3":"status-publish","4":"has-post-thumbnail","6":"product_cat-velo-lukturi","8":"first","9":"instock","10":"taxable","11":"shipping-taxable","12":"purchasable","13":"product-type-simple"},"jetpack_sharing_enabled":true,"_links":{"self":[{"href":"https:\/\/ddt.lv\/lv\/wp-json\/wp\/v2\/product\/27270"}],"collection":[{"href":"https:\/\/ddt.lv\/lv\/wp-json\/wp\/v2\/product"}],"about":[{"href":"https:\/\/ddt.lv\/lv\/wp-json\/wp\/v2\/types\/product"}],"replies":[{"embeddable":true,"href":"https:\/\/ddt.lv\/lv\/wp-json\/wp\/v2\/comments?post=27270"}],"wp:featuredmedia":[{"embeddable":true,"href":"https:\/\/ddt.lv\/lv\/wp-json\/wp\/v2\/media\/27271"}],"wp:attachment":[{"href":"https:\/\/ddt.lv\/lv\/wp-json\/wp\/v2\/media?parent=27270"}],"wp:term":[{"taxonomy":"product_cat","embeddable":true,"href":"https:\/\/ddt.lv\/lv\/wp-json\/wp\/v2\/product_cat?post=27270"},{"taxonomy":"product_tag","embeddable":true,"href":"https:\/\/ddt.lv\/lv\/wp-json\/wp\/v2\/product_tag?post=27270"},{"taxonomy":"yst_prominent_words","embeddable":true,"href":"https:\/\/ddt.lv\/lv\/wp-json\/wp\/v2\/yst_prominent_words?post=27270"}],"curies":[{"name":"wp","href":"https:\/\/api.w.org\/{rel}","templated":true}]}}