{"id":27260,"date":"2021-07-01T13:50:33","date_gmt":"2021-07-01T10:50:33","guid":{"rendered":"https:\/\/ddt.lv\/lv\/product\/lietusmetelis-3xl-ar-ravejsledzeju-un-pogam-vorel\/"},"modified":"2026-04-08T14:31:52","modified_gmt":"2026-04-08T11:31:52","slug":"lietusmetelis-3xl-ar-ravejsledzeju-un-pogam-vorel","status":"publish","type":"product","link":"https:\/\/ddt.lv\/lv\/product\/lietusmetelis-3xl-ar-ravejsledzeju-un-pogam-vorel\/","title":{"rendered":"Lietusm\u0113telis 3XL ar r\u0101v\u0113jsl\u0113dz\u0113ju un pog\u0101m VOREL"},"content":{"rendered":"<p>Lietusm\u0113telis dzeltens 74633 no Vorel ar div\u0101m liel\u0101m kabat\u0101m un regul\u0113jamu kapuci. PVC un poliestera mais\u012bjums ir \u016bdensiztur\u012bgs un herm\u0113tisks materi\u0101ls. P\u0101rm\u0113r\u012bgs siltums no auduma izpl\u016bst caur ventil\u0101cijas spraug\u0101m aizmugur\u0113 un padu\u0161u atver\u0113m.Izm\u0113rs: 3XL.Materi\u0101ls: 70% PVC, 30% poliesters.<\/p>","protected":false},"excerpt":{"rendered":"<p>Lietusm\u0113telis dzeltens 74633 no Vorel ar div\u0101m liel\u0101m kabat\u0101m un regul\u0113jamu kapuci. PVC un poliestera mais\u012bjums ir \u016bdensiztur\u012bgs un herm\u0113tisks materi\u0101ls. P\u0101rm\u0113r\u012bgs siltums no auduma izpl\u016bst caur ventil\u0101cijas spraug\u0101m aizmugur\u0113 un padu\u0161u atver\u0113m.Izm\u0113rs: 3XL.Materi\u0101ls: 70% PVC, 30% poliesters.<\/p>\n","protected":false},"featured_media":27267,"comment_status":"closed","ping_status":"closed","template":"","meta":{"inline_featured_image":false},"product_cat":[1375],"product_tag":[],"yst_prominent_words":[],"class_list":{"0":"post-27260","1":"product","2":"type-product","3":"status-publish","4":"has-post-thumbnail","6":"product_cat-lietusmetelis","8":"first","9":"outofstock","10":"taxable","11":"shipping-taxable","12":"purchasable","13":"product-type-simple"},"jetpack_sharing_enabled":true,"_links":{"self":[{"href":"https:\/\/ddt.lv\/lv\/wp-json\/wp\/v2\/product\/27260"}],"collection":[{"href":"https:\/\/ddt.lv\/lv\/wp-json\/wp\/v2\/product"}],"about":[{"href":"https:\/\/ddt.lv\/lv\/wp-json\/wp\/v2\/types\/product"}],"replies":[{"embeddable":true,"href":"https:\/\/ddt.lv\/lv\/wp-json\/wp\/v2\/comments?post=27260"}],"wp:featuredmedia":[{"embeddable":true,"href":"https:\/\/ddt.lv\/lv\/wp-json\/wp\/v2\/media\/27267"}],"wp:attachment":[{"href":"https:\/\/ddt.lv\/lv\/wp-json\/wp\/v2\/media?parent=27260"}],"wp:term":[{"taxonomy":"product_cat","embeddable":true,"href":"https:\/\/ddt.lv\/lv\/wp-json\/wp\/v2\/product_cat?post=27260"},{"taxonomy":"product_tag","embeddable":true,"href":"https:\/\/ddt.lv\/lv\/wp-json\/wp\/v2\/product_tag?post=27260"},{"taxonomy":"yst_prominent_words","embeddable":true,"href":"https:\/\/ddt.lv\/lv\/wp-json\/wp\/v2\/yst_prominent_words?post=27260"}],"curies":[{"name":"wp","href":"https:\/\/api.w.org\/{rel}","templated":true}]}}