{"id":27257,"date":"2021-07-01T13:50:30","date_gmt":"2021-07-01T10:50:30","guid":{"rendered":"https:\/\/ddt.lv\/lv\/product\/lietusmetelis-130x200-cm-dazadas-krasas-panco\/"},"modified":"2026-04-08T14:36:21","modified_gmt":"2026-04-08T11:36:21","slug":"lietusmetelis-130x200-cm-dazadas-krasas-panco","status":"publish","type":"product","link":"https:\/\/ddt.lv\/lv\/product\/lietusmetelis-130x200-cm-dazadas-krasas-panco\/","title":{"rendered":"Lietusm\u0113telis 130&#215;200 cm (da\u017e\u0101das kr\u0101sas) pan\u010do"},"content":{"rendered":"<p>Lietusm\u0113telis 130x200cm, (da\u017e\u0101das kr\u0101sas). Pieejamas kr\u0101sas &#8211; balts, pel\u0113ks, melns. Pon\u010do tipa.<\/p>","protected":false},"excerpt":{"rendered":"<p>Lietusm\u0113telis 130x200cm, (da\u017e\u0101das kr\u0101sas). Pieejamas kr\u0101sas &#8211; balts, pel\u0113ks, melns. Pon\u010do tipa.<\/p>\n","protected":false},"featured_media":27265,"comment_status":"closed","ping_status":"closed","template":"","meta":{"inline_featured_image":false},"product_cat":[1375],"product_tag":[],"yst_prominent_words":[],"class_list":{"0":"post-27257","1":"product","2":"type-product","3":"status-publish","4":"has-post-thumbnail","6":"product_cat-lietusmetelis","8":"first","9":"outofstock","10":"taxable","11":"shipping-taxable","12":"purchasable","13":"product-type-simple"},"jetpack_sharing_enabled":true,"_links":{"self":[{"href":"https:\/\/ddt.lv\/lv\/wp-json\/wp\/v2\/product\/27257"}],"collection":[{"href":"https:\/\/ddt.lv\/lv\/wp-json\/wp\/v2\/product"}],"about":[{"href":"https:\/\/ddt.lv\/lv\/wp-json\/wp\/v2\/types\/product"}],"replies":[{"embeddable":true,"href":"https:\/\/ddt.lv\/lv\/wp-json\/wp\/v2\/comments?post=27257"}],"wp:featuredmedia":[{"embeddable":true,"href":"https:\/\/ddt.lv\/lv\/wp-json\/wp\/v2\/media\/27265"}],"wp:attachment":[{"href":"https:\/\/ddt.lv\/lv\/wp-json\/wp\/v2\/media?parent=27257"}],"wp:term":[{"taxonomy":"product_cat","embeddable":true,"href":"https:\/\/ddt.lv\/lv\/wp-json\/wp\/v2\/product_cat?post=27257"},{"taxonomy":"product_tag","embeddable":true,"href":"https:\/\/ddt.lv\/lv\/wp-json\/wp\/v2\/product_tag?post=27257"},{"taxonomy":"yst_prominent_words","embeddable":true,"href":"https:\/\/ddt.lv\/lv\/wp-json\/wp\/v2\/yst_prominent_words?post=27257"}],"curies":[{"name":"wp","href":"https:\/\/api.w.org\/{rel}","templated":true}]}}