{"id":27218,"date":"2021-06-30T14:40:21","date_gmt":"2021-06-30T11:40:21","guid":{"rendered":"https:\/\/ddt.lv\/lv\/product\/lukturis-uzladejams-led-5w-3w-cob-led-400lm-ar-magnetu-emos\/"},"modified":"2026-04-06T10:56:42","modified_gmt":"2026-04-06T07:56:42","slug":"lukturis-uzladejams-led-5w-3w-cob-led-400lm-ar-magnetu-emos","status":"publish","type":"product","link":"https:\/\/ddt.lv\/lv\/product\/lukturis-uzladejams-led-5w-3w-cob-led-400lm-ar-magnetu-emos\/","title":{"rendered":"Lukturis uzl\u0101d\u0113jams LED 5W+3W COB LED 400lm ar magn\u0113tu EMOS"},"content":{"rendered":"<p> Baro\u0161anas kabe\u013ca savienot\u0101ja tips: mikro USB-B.LED uzl\u0101des indik\u0101cija.\u016adens iztur\u012bba IP54. Triecieniztur\u012bgs. Gaismas avots: 5 W COB LED + 3 W LED. Aizsardz\u012bba pret p\u0101rm\u0113r\u012bgu uzl\u0101di. Materi\u0101ls: ABS plastmasa + gumijas p\u0101rkl\u0101juma. Magn\u0113ts.Apgaismojuma laiks: 5 W COB LED &#8211; 3 h, 5 W COB LED &#8211; 8.5 h, 3 W LED &#8211; 7.5 h LED. Akumulatora st\u0101vok\u013ca indik\u0101cija. Izm\u0113rs: 165 \u00d7 51 \u00d7 31 mm. Sp\u012bd\u0113\u0161anas t\u0101lums: 5 W COB LED &#8211; 30 m, 5 W COB LED &#8211; 15 m, 3 W LED &#8211; 40 m. \u0100\u0137is. Akumulatora tips: Li-Ion 18650 3,7 V \/ 2 000 mAh. Kr\u0101sa: meln\u0101-za\u013c\u0101. Maksim\u0101l\u0101 gaismas pl\u016bsma: 5 W COB LED &#8211; 400 lm, 5 W COB LED &#8211; 120 lm, 3 W LED &#8211; 120 lm.<\/p>","protected":false},"excerpt":{"rendered":"<p>Baro\u0161anas kabe\u013ca savienot\u0101ja tips: mikro USB-B.LED uzl\u0101des indik\u0101cija.\u016adens iztur\u012bba IP54. Triecieniztur\u012bgs. Gaismas avots: 5 W COB LED + 3 W LED. Aizsardz\u012bba pret p\u0101rm\u0113r\u012bgu uzl\u0101di. Materi\u0101ls: ABS plastmasa + gumijas p\u0101rkl\u0101juma. Magn\u0113ts.Apgaismojuma laiks: 5 W COB LED &#8211; 3 h, 5 W COB LED &#8211; 8.5 h, 3 W LED &#8211; 7.5 h LED. Akumulatora [&hellip;]<\/p>\n","protected":false},"featured_media":27235,"comment_status":"closed","ping_status":"closed","template":"","meta":{"inline_featured_image":false},"product_cat":[728],"product_tag":[],"yst_prominent_words":[],"class_list":{"0":"post-27218","1":"product","2":"type-product","3":"status-publish","4":"has-post-thumbnail","6":"product_cat-ar-magnetu","8":"first","9":"instock","10":"taxable","11":"shipping-taxable","12":"purchasable","13":"product-type-simple"},"jetpack_sharing_enabled":true,"_links":{"self":[{"href":"https:\/\/ddt.lv\/lv\/wp-json\/wp\/v2\/product\/27218"}],"collection":[{"href":"https:\/\/ddt.lv\/lv\/wp-json\/wp\/v2\/product"}],"about":[{"href":"https:\/\/ddt.lv\/lv\/wp-json\/wp\/v2\/types\/product"}],"replies":[{"embeddable":true,"href":"https:\/\/ddt.lv\/lv\/wp-json\/wp\/v2\/comments?post=27218"}],"wp:featuredmedia":[{"embeddable":true,"href":"https:\/\/ddt.lv\/lv\/wp-json\/wp\/v2\/media\/27235"}],"wp:attachment":[{"href":"https:\/\/ddt.lv\/lv\/wp-json\/wp\/v2\/media?parent=27218"}],"wp:term":[{"taxonomy":"product_cat","embeddable":true,"href":"https:\/\/ddt.lv\/lv\/wp-json\/wp\/v2\/product_cat?post=27218"},{"taxonomy":"product_tag","embeddable":true,"href":"https:\/\/ddt.lv\/lv\/wp-json\/wp\/v2\/product_tag?post=27218"},{"taxonomy":"yst_prominent_words","embeddable":true,"href":"https:\/\/ddt.lv\/lv\/wp-json\/wp\/v2\/yst_prominent_words?post=27218"}],"curies":[{"name":"wp","href":"https:\/\/api.w.org\/{rel}","templated":true}]}}