{"id":27217,"date":"2021-06-30T14:40:19","date_gmt":"2021-06-30T11:40:19","guid":{"rendered":"https:\/\/ddt.lv\/lv\/product\/parnesajama-led-lampa-ar-vadu-5m-5w-300lm-230v-ip20\/"},"modified":"2026-04-08T14:36:52","modified_gmt":"2026-04-08T11:36:52","slug":"parnesajama-led-lampa-ar-vadu-5m-5w-300lm-230v-ip20","status":"publish","type":"product","link":"https:\/\/ddt.lv\/lv\/product\/parnesajama-led-lampa-ar-vadu-5m-5w-300lm-230v-ip20\/","title":{"rendered":"P\u0101rn\u0113s\u0101jama LED lampa ar vadu 5m 5W 300lm 230V~ IP20"},"content":{"rendered":"<p>Kabe\u013ca tips: gumija H05RN-F 2 \u00d7 1,0 mm\u00b2. Baro\u0161anas avots: 100\u2013240 V ~ \/ 50 Hz.Aizsardz\u012bba: IP20. Kabe\u013ca garums: 5 m  Gaismas avots: 20 \u00d7 LED 0,2 W (300 lm)<\/p>","protected":false},"excerpt":{"rendered":"<p>Kabe\u013ca tips: gumija H05RN-F 2 \u00d7 1,0 mm\u00b2. Baro\u0161anas avots: 100\u2013240 V ~ \/ 50 Hz.Aizsardz\u012bba: IP20. Kabe\u013ca garums: 5 m Gaismas avots: 20 \u00d7 LED 0,2 W (300 lm)<\/p>\n","protected":false},"featured_media":27225,"comment_status":"closed","ping_status":"closed","template":"","meta":{"inline_featured_image":false},"product_cat":[908],"product_tag":[],"yst_prominent_words":[],"class_list":{"0":"post-27217","1":"product","2":"type-product","3":"status-publish","4":"has-post-thumbnail","6":"product_cat-led-prozektori","8":"first","9":"instock","10":"taxable","11":"shipping-taxable","12":"purchasable","13":"product-type-simple"},"jetpack_sharing_enabled":true,"_links":{"self":[{"href":"https:\/\/ddt.lv\/lv\/wp-json\/wp\/v2\/product\/27217"}],"collection":[{"href":"https:\/\/ddt.lv\/lv\/wp-json\/wp\/v2\/product"}],"about":[{"href":"https:\/\/ddt.lv\/lv\/wp-json\/wp\/v2\/types\/product"}],"replies":[{"embeddable":true,"href":"https:\/\/ddt.lv\/lv\/wp-json\/wp\/v2\/comments?post=27217"}],"wp:featuredmedia":[{"embeddable":true,"href":"https:\/\/ddt.lv\/lv\/wp-json\/wp\/v2\/media\/27225"}],"wp:attachment":[{"href":"https:\/\/ddt.lv\/lv\/wp-json\/wp\/v2\/media?parent=27217"}],"wp:term":[{"taxonomy":"product_cat","embeddable":true,"href":"https:\/\/ddt.lv\/lv\/wp-json\/wp\/v2\/product_cat?post=27217"},{"taxonomy":"product_tag","embeddable":true,"href":"https:\/\/ddt.lv\/lv\/wp-json\/wp\/v2\/product_tag?post=27217"},{"taxonomy":"yst_prominent_words","embeddable":true,"href":"https:\/\/ddt.lv\/lv\/wp-json\/wp\/v2\/yst_prominent_words?post=27217"}],"curies":[{"name":"wp","href":"https:\/\/api.w.org\/{rel}","templated":true}]}}