{"id":27216,"date":"2021-06-30T14:40:19","date_gmt":"2021-06-30T11:40:19","guid":{"rendered":"https:\/\/ddt.lv\/lv\/product\/lukturis-9xled-50lm-ip44-3xaaa-metala-iep-12gb-emos\/"},"modified":"2026-04-13T09:56:48","modified_gmt":"2026-04-13T06:56:48","slug":"lukturis-9xled-50lm-ip44-3xaaa-metala-iep-12gb-emos","status":"publish","type":"product","link":"https:\/\/ddt.lv\/lv\/product\/lukturis-9xled-50lm-ip44-3xaaa-metala-iep-12gb-emos\/","title":{"rendered":"Lukturis 9xLED 50lm IP44 (3xAAA) met\u0101la EMOS 1.gab"},"content":{"rendered":"<p>Gaismas avots: 9 \u00d7 LED 5mm. Sp\u012bd\u0113sanas t\u0101lums: 30 m. Baro\u0161anas avots: 3 \u00d7 AAA 1,5 V (iek\u013cautas komplekt\u0101). Apgaismojuma laiks: 96 stundas. Korpusa materi\u0101ls: alum\u012bnijs (Al). \u016adensiztur\u012bgs IP44.<\/p>","protected":false},"excerpt":{"rendered":"<p>Gaismas avots: 9 \u00d7 LED 5mm. Sp\u012bd\u0113sanas t\u0101lums: 30 m. Baro\u0161anas avots: 3 \u00d7 AAA 1,5 V (iek\u013cautas komplekt\u0101). Apgaismojuma laiks: 96 stundas. Korpusa materi\u0101ls: alum\u012bnijs (Al). \u016adensiztur\u012bgs IP44.<\/p>\n","protected":false},"featured_media":27228,"comment_status":"closed","ping_status":"closed","template":"","meta":{"inline_featured_image":false},"product_cat":[727,726],"product_tag":[],"yst_prominent_words":[],"class_list":{"0":"post-27216","1":"product","2":"type-product","3":"status-publish","4":"has-post-thumbnail","6":"product_cat-galvas","7":"product_cat-kabatas","9":"first","10":"outofstock","11":"taxable","12":"shipping-taxable","13":"purchasable","14":"product-type-simple"},"jetpack_sharing_enabled":true,"_links":{"self":[{"href":"https:\/\/ddt.lv\/lv\/wp-json\/wp\/v2\/product\/27216"}],"collection":[{"href":"https:\/\/ddt.lv\/lv\/wp-json\/wp\/v2\/product"}],"about":[{"href":"https:\/\/ddt.lv\/lv\/wp-json\/wp\/v2\/types\/product"}],"replies":[{"embeddable":true,"href":"https:\/\/ddt.lv\/lv\/wp-json\/wp\/v2\/comments?post=27216"}],"wp:featuredmedia":[{"embeddable":true,"href":"https:\/\/ddt.lv\/lv\/wp-json\/wp\/v2\/media\/27228"}],"wp:attachment":[{"href":"https:\/\/ddt.lv\/lv\/wp-json\/wp\/v2\/media?parent=27216"}],"wp:term":[{"taxonomy":"product_cat","embeddable":true,"href":"https:\/\/ddt.lv\/lv\/wp-json\/wp\/v2\/product_cat?post=27216"},{"taxonomy":"product_tag","embeddable":true,"href":"https:\/\/ddt.lv\/lv\/wp-json\/wp\/v2\/product_tag?post=27216"},{"taxonomy":"yst_prominent_words","embeddable":true,"href":"https:\/\/ddt.lv\/lv\/wp-json\/wp\/v2\/yst_prominent_words?post=27216"}],"curies":[{"name":"wp","href":"https:\/\/api.w.org\/{rel}","templated":true}]}}