{"id":27215,"date":"2021-06-30T14:30:19","date_gmt":"2021-06-30T11:30:19","guid":{"rendered":"https:\/\/ddt.lv\/lv\/product\/pagarinatajs-1vieta-30m-ar-zemejumu-3x1mm2-2300w-zales-plavejam-oranzs-emos\/"},"modified":"2026-04-13T09:57:24","modified_gmt":"2026-04-13T06:57:24","slug":"pagarinatajs-1vieta-30m-ar-zemejumu-3x1mm2-2300w-zales-plavejam-oranzs-emos","status":"publish","type":"product","link":"https:\/\/ddt.lv\/lv\/product\/pagarinatajs-1vieta-30m-ar-zemejumu-3x1mm2-2300w-zales-plavejam-oranzs-emos\/","title":{"rendered":"Pagarin\u0101t\u0101js 1vieta 30m ar zem\u0113jumu 3x1mm2 2300W z\u0101les p\u013c\u0101v\u0113jam oran\u017es EMOS"},"content":{"rendered":"<p>30 m 250 V ~ SCHUKO pagarin\u0101t\u0101js, ar kuru var barot str\u0101vu pat viet\u0101s, kas atrodas t\u0101lu no kontaktligzdas.<\/p>","protected":false},"excerpt":{"rendered":"<p>30 m 250 V ~ SCHUKO pagarin\u0101t\u0101js, ar kuru var barot str\u0101vu pat viet\u0101s, kas atrodas t\u0101lu no kontaktligzdas.<\/p>\n","protected":false},"featured_media":27224,"comment_status":"closed","ping_status":"closed","template":"","meta":{"inline_featured_image":false},"product_cat":[746],"product_tag":[],"yst_prominent_words":[],"class_list":{"0":"post-27215","1":"product","2":"type-product","3":"status-publish","4":"has-post-thumbnail","6":"product_cat-pagarinataji-pagarinataji-un-sadalitaji","8":"first","9":"instock","10":"taxable","11":"shipping-taxable","12":"purchasable","13":"product-type-simple"},"jetpack_sharing_enabled":true,"_links":{"self":[{"href":"https:\/\/ddt.lv\/lv\/wp-json\/wp\/v2\/product\/27215"}],"collection":[{"href":"https:\/\/ddt.lv\/lv\/wp-json\/wp\/v2\/product"}],"about":[{"href":"https:\/\/ddt.lv\/lv\/wp-json\/wp\/v2\/types\/product"}],"replies":[{"embeddable":true,"href":"https:\/\/ddt.lv\/lv\/wp-json\/wp\/v2\/comments?post=27215"}],"wp:featuredmedia":[{"embeddable":true,"href":"https:\/\/ddt.lv\/lv\/wp-json\/wp\/v2\/media\/27224"}],"wp:attachment":[{"href":"https:\/\/ddt.lv\/lv\/wp-json\/wp\/v2\/media?parent=27215"}],"wp:term":[{"taxonomy":"product_cat","embeddable":true,"href":"https:\/\/ddt.lv\/lv\/wp-json\/wp\/v2\/product_cat?post=27215"},{"taxonomy":"product_tag","embeddable":true,"href":"https:\/\/ddt.lv\/lv\/wp-json\/wp\/v2\/product_tag?post=27215"},{"taxonomy":"yst_prominent_words","embeddable":true,"href":"https:\/\/ddt.lv\/lv\/wp-json\/wp\/v2\/yst_prominent_words?post=27215"}],"curies":[{"name":"wp","href":"https:\/\/api.w.org\/{rel}","templated":true}]}}