{"id":27206,"date":"2021-06-30T12:40:19","date_gmt":"2021-06-30T09:40:19","guid":{"rendered":"https:\/\/ddt.lv\/lv\/product\/4703-5-3-aaa-baterijas-max-tech-spo-alkaline-8gb-varta\/"},"modified":"2026-04-24T09:55:26","modified_gmt":"2026-04-24T06:55:26","slug":"4703-5-3-aaa-baterijas-max-tech-spo-alkaline-8gb-varta","status":"publish","type":"product","link":"https:\/\/ddt.lv\/lv\/product\/4703-5-3-aaa-baterijas-max-tech-spo-alkaline-8gb-varta\/","title":{"rendered":"4703\/5+3 AAA baterijas  LONGLIFE Max Power Alkaline 8gb.VARTA"},"content":{"rendered":"<p>Ieg\u016bstiet vislab\u0101ko iesp\u0113jamo ener\u0123ijas risin\u0101jumu sav\u0101m digit\u0101laj\u0101m ier\u012bc\u0113m, izmantojot VARTA LONGLIFE Max Power. VARTA LONGLIFE Max Power ir izstr\u0101d\u0101ts ier\u012bc\u0113m, kur\u0101m vajadz\u012bga prec\u012bza ener\u0123ija main\u012bgaj\u0101s pras\u012bb\u0101m, un t\u0101 nodro\u0161ina prec\u012bzu, elast\u012bgu ener\u0123ijas l\u012bmeni.<\/p>","protected":false},"excerpt":{"rendered":"<p>Ieg\u016bstiet vislab\u0101ko iesp\u0113jamo ener\u0123ijas risin\u0101jumu sav\u0101m digit\u0101laj\u0101m ier\u012bc\u0113m, izmantojot VARTA LONGLIFE Max Power. VARTA LONGLIFE Max Power ir izstr\u0101d\u0101ts ier\u012bc\u0113m, kur\u0101m vajadz\u012bga prec\u012bza ener\u0123ija main\u012bgaj\u0101s pras\u012bb\u0101m, un t\u0101 nodro\u0161ina prec\u012bzu, elast\u012bgu ener\u0123ijas l\u012bmeni.<\/p>\n","protected":false},"featured_media":33170,"comment_status":"closed","ping_status":"closed","template":"","meta":{"inline_featured_image":false},"product_cat":[772,442],"product_tag":[],"yst_prominent_words":[],"class_list":{"0":"post-27206","1":"product","2":"type-product","3":"status-publish","4":"has-post-thumbnail","6":"product_cat-atlaides","7":"product_cat-aaa","9":"first","10":"instock","11":"sale","12":"taxable","13":"shipping-taxable","14":"purchasable","15":"product-type-simple"},"jetpack_sharing_enabled":true,"_links":{"self":[{"href":"https:\/\/ddt.lv\/lv\/wp-json\/wp\/v2\/product\/27206"}],"collection":[{"href":"https:\/\/ddt.lv\/lv\/wp-json\/wp\/v2\/product"}],"about":[{"href":"https:\/\/ddt.lv\/lv\/wp-json\/wp\/v2\/types\/product"}],"replies":[{"embeddable":true,"href":"https:\/\/ddt.lv\/lv\/wp-json\/wp\/v2\/comments?post=27206"}],"wp:featuredmedia":[{"embeddable":true,"href":"https:\/\/ddt.lv\/lv\/wp-json\/wp\/v2\/media\/33170"}],"wp:attachment":[{"href":"https:\/\/ddt.lv\/lv\/wp-json\/wp\/v2\/media?parent=27206"}],"wp:term":[{"taxonomy":"product_cat","embeddable":true,"href":"https:\/\/ddt.lv\/lv\/wp-json\/wp\/v2\/product_cat?post=27206"},{"taxonomy":"product_tag","embeddable":true,"href":"https:\/\/ddt.lv\/lv\/wp-json\/wp\/v2\/product_tag?post=27206"},{"taxonomy":"yst_prominent_words","embeddable":true,"href":"https:\/\/ddt.lv\/lv\/wp-json\/wp\/v2\/yst_prominent_words?post=27206"}],"curies":[{"name":"wp","href":"https:\/\/api.w.org\/{rel}","templated":true}]}}