{"id":27170,"date":"2021-06-17T12:00:19","date_gmt":"2021-06-17T09:00:19","guid":{"rendered":"https:\/\/ddt.lv\/lv\/product\/fhe-35w-840-t5-e-luxline-plus-sylvania-luminiscenta-spuldze\/"},"modified":"2026-04-08T14:42:42","modified_gmt":"2026-04-08T11:42:42","slug":"fhe-35w-840-t5-e-luxline-plus-sylvania-luminiscenta-spuldze","status":"publish","type":"product","link":"https:\/\/ddt.lv\/lv\/product\/fhe-35w-840-t5-e-luxline-plus-sylvania-luminiscenta-spuldze\/","title":{"rendered":"FHE 35W\/840 T5 E Luxline Plus Sylvania luminiscent\u0101 spuldze"},"content":{"rendered":"<p>Ener\u0123ijas pat\u0113ri\u0146\u0161: 35W.<br \/>\nSpriegums: 205V.<br \/>\nM\u016b\u017ea ilgums: 24000 stundas.<br \/>\nKontaktligzda: G5.<br \/>\nDiametrs: 17,0 mm.<br \/>\nGarums: 1163,2 mm.<br \/>\nGaismas pl\u016bsma: 3300lm.<br \/>\nGaismas kr\u0101sa: 4000K.<br \/>\nRa: 82.<br \/>\nStikls : Mat\u0113ts .<\/p>","protected":false},"excerpt":{"rendered":"<p>Ener\u0123ijas pat\u0113ri\u0146\u0161: 35W. Spriegums: 205V. M\u016b\u017ea ilgums: 24000 stundas. Kontaktligzda: G5. Diametrs: 17,0 mm. Garums: 1163,2 mm. Gaismas pl\u016bsma: 3300lm. Gaismas kr\u0101sa: 4000K. Ra: 82. Stikls : Mat\u0113ts .<\/p>\n","protected":false},"featured_media":27180,"comment_status":"closed","ping_status":"closed","template":"","meta":{"inline_featured_image":false},"product_cat":[860],"product_tag":[],"yst_prominent_words":[],"class_list":{"0":"post-27170","1":"product","2":"type-product","3":"status-publish","4":"has-post-thumbnail","6":"product_cat-t5-spuldzes-luminiscentas-spuldzes-spuldzes","8":"first","9":"outofstock","10":"taxable","11":"shipping-taxable","12":"purchasable","13":"product-type-simple"},"jetpack_sharing_enabled":true,"_links":{"self":[{"href":"https:\/\/ddt.lv\/lv\/wp-json\/wp\/v2\/product\/27170"}],"collection":[{"href":"https:\/\/ddt.lv\/lv\/wp-json\/wp\/v2\/product"}],"about":[{"href":"https:\/\/ddt.lv\/lv\/wp-json\/wp\/v2\/types\/product"}],"replies":[{"embeddable":true,"href":"https:\/\/ddt.lv\/lv\/wp-json\/wp\/v2\/comments?post=27170"}],"wp:featuredmedia":[{"embeddable":true,"href":"https:\/\/ddt.lv\/lv\/wp-json\/wp\/v2\/media\/27180"}],"wp:attachment":[{"href":"https:\/\/ddt.lv\/lv\/wp-json\/wp\/v2\/media?parent=27170"}],"wp:term":[{"taxonomy":"product_cat","embeddable":true,"href":"https:\/\/ddt.lv\/lv\/wp-json\/wp\/v2\/product_cat?post=27170"},{"taxonomy":"product_tag","embeddable":true,"href":"https:\/\/ddt.lv\/lv\/wp-json\/wp\/v2\/product_tag?post=27170"},{"taxonomy":"yst_prominent_words","embeddable":true,"href":"https:\/\/ddt.lv\/lv\/wp-json\/wp\/v2\/yst_prominent_words?post=27170"}],"curies":[{"name":"wp","href":"https:\/\/api.w.org\/{rel}","templated":true}]}}