{"id":27169,"date":"2021-06-17T12:00:19","date_gmt":"2021-06-17T09:00:19","guid":{"rendered":"https:\/\/ddt.lv\/lv\/product\/led-svece-clear-retro-e14-4-5w-240v-470lm-2700k-dim-spuldze-sylvania\/"},"modified":"2026-04-13T09:57:07","modified_gmt":"2026-04-13T06:57:07","slug":"led-svece-clear-retro-e14-4-5w-240v-470lm-2700k-dim-spuldze-sylvania","status":"publish","type":"product","link":"https:\/\/ddt.lv\/lv\/product\/led-svece-clear-retro-e14-4-5w-240v-470lm-2700k-dim-spuldze-sylvania\/","title":{"rendered":"LED Svec\u012bte Clear Retro E14 4.5W 240V 470lm 2700K DIM spuldze SYLVANIA"},"content":{"rendered":"<p>\u2022 Ide\u0101li piem\u0113rota dekorat\u012bviem un visp\u0101r\u0113jiem apgaismojumiem un rada siltu gaisotni, kas l\u012bdzin\u0101s tradicion\u0101laj\u0101m lamp\u0101m. \u2022 Daudzpus\u012bgs ToLEDo Retro sve\u010du kl\u0101sts ir ide\u0101ls halog\u0113nspuld\u017eu un kv\u0113lspuld\u017eu aizst\u0101j\u0113js un lieliski piem\u0113rots lustr\u0101s un dekorat\u012bv\u0101m vajadz\u012bb\u0101m. \u2022 T\u0101ds pats izskats, izm\u0113rs un funkcionalit\u0101te k\u0101 kv\u0113lspuldz\u0113m \u2022 Visvirziena gaismas sadal\u012bjums \u2022 A ++ ener\u0123ijas l\u012bmenis \u2022 Pie\u0161\u0137ir t\u0101du pa\u0161u dzirksto\u0161o gaismas efektu k\u0101 kv\u0113lspuldzei \u2022 Izm\u0113ru zi\u0146\u0101 identisks kv\u0113lspuldz\u0113m &#8211; der visiem stiprin\u0101jumiem \u2022 Videi draudz\u012bga &#8211; nav dz\u012bvsudraba un zem\u0101kas CO2 emisijas \u2022 Aptum\u0161ojams ar apstiprin\u0101tiem dimmeriem<\/p>","protected":false},"excerpt":{"rendered":"<p>\u2022 Ide\u0101li piem\u0113rota dekorat\u012bviem un visp\u0101r\u0113jiem apgaismojumiem un rada siltu gaisotni, kas l\u012bdzin\u0101s tradicion\u0101laj\u0101m lamp\u0101m. \u2022 Daudzpus\u012bgs ToLEDo Retro sve\u010du kl\u0101sts ir ide\u0101ls halog\u0113nspuld\u017eu un kv\u0113lspuld\u017eu aizst\u0101j\u0113js un lieliski piem\u0113rots lustr\u0101s un dekorat\u012bv\u0101m vajadz\u012bb\u0101m. \u2022 T\u0101ds pats izskats, izm\u0113rs un funkcionalit\u0101te k\u0101 kv\u0113lspuldz\u0113m \u2022 Visvirziena gaismas sadal\u012bjums \u2022 A ++ ener\u0123ijas l\u012bmenis \u2022 Pie\u0161\u0137ir t\u0101du [&hellip;]<\/p>\n","protected":false},"featured_media":27183,"comment_status":"closed","ping_status":"closed","template":"","meta":{"inline_featured_image":false},"product_cat":[772,925],"product_tag":[],"yst_prominent_words":[],"class_list":{"0":"post-27169","1":"product","2":"type-product","3":"status-publish","4":"has-post-thumbnail","6":"product_cat-atlaides","7":"product_cat-filament-tipa-spuldzes","9":"first","10":"instock","11":"sale","12":"taxable","13":"shipping-taxable","14":"purchasable","15":"product-type-simple"},"jetpack_sharing_enabled":true,"_links":{"self":[{"href":"https:\/\/ddt.lv\/lv\/wp-json\/wp\/v2\/product\/27169"}],"collection":[{"href":"https:\/\/ddt.lv\/lv\/wp-json\/wp\/v2\/product"}],"about":[{"href":"https:\/\/ddt.lv\/lv\/wp-json\/wp\/v2\/types\/product"}],"replies":[{"embeddable":true,"href":"https:\/\/ddt.lv\/lv\/wp-json\/wp\/v2\/comments?post=27169"}],"wp:featuredmedia":[{"embeddable":true,"href":"https:\/\/ddt.lv\/lv\/wp-json\/wp\/v2\/media\/27183"}],"wp:attachment":[{"href":"https:\/\/ddt.lv\/lv\/wp-json\/wp\/v2\/media?parent=27169"}],"wp:term":[{"taxonomy":"product_cat","embeddable":true,"href":"https:\/\/ddt.lv\/lv\/wp-json\/wp\/v2\/product_cat?post=27169"},{"taxonomy":"product_tag","embeddable":true,"href":"https:\/\/ddt.lv\/lv\/wp-json\/wp\/v2\/product_tag?post=27169"},{"taxonomy":"yst_prominent_words","embeddable":true,"href":"https:\/\/ddt.lv\/lv\/wp-json\/wp\/v2\/yst_prominent_words?post=27169"}],"curies":[{"name":"wp","href":"https:\/\/api.w.org\/{rel}","templated":true}]}}