{"id":27168,"date":"2021-06-17T11:50:21","date_gmt":"2021-06-17T08:50:21","guid":{"rendered":"https:\/\/ddt.lv\/lv\/product\/led-ball-frosted-e14-8w-240v-806lm-4000k-sylvania-spuldze\/"},"modified":"2026-04-13T09:57:16","modified_gmt":"2026-04-13T06:57:16","slug":"led-ball-frosted-e14-8w-240v-806lm-4000k-sylvania-spuldze","status":"publish","type":"product","link":"https:\/\/ddt.lv\/lv\/product\/led-ball-frosted-e14-8w-240v-806lm-4000k-sylvania-spuldze\/","title":{"rendered":"LED BALL Frosted E14 8W 240V 806lm 4000K Sylvania spuldze"},"content":{"rendered":"<p>Ener\u0123ijas pat\u0113ri\u0146\u0161: 8W<br \/>\nSpriegums: 230V<br \/>\nM\u016b\u017ea ilgums: 15000 stundas<br \/>\nKontaktligzda: E14<br \/>\nDiametrs: 45mm<br \/>\nGarums: 90mm<br \/>\nGaismas pl\u016bsma: 806lm<br \/>\nGaismas kr\u0101sa: 4000K<br \/>\nRa: 80<br \/>\nSijas le\u0146\u0137is: 150.<br \/>\nKomut\u0101ciju skaits: 50000<\/p>","protected":false},"excerpt":{"rendered":"<p>Ener\u0123ijas pat\u0113ri\u0146\u0161: 8W Spriegums: 230V M\u016b\u017ea ilgums: 15000 stundas Kontaktligzda: E14 Diametrs: 45mm Garums: 90mm Gaismas pl\u016bsma: 806lm Gaismas kr\u0101sa: 4000K Ra: 80 Sijas le\u0146\u0137is: 150. Komut\u0101ciju skaits: 50000<\/p>\n","protected":false},"featured_media":27178,"comment_status":"closed","ping_status":"closed","template":"","meta":{"inline_featured_image":false},"product_cat":[851],"product_tag":[],"yst_prominent_words":[],"class_list":{"0":"post-27168","1":"product","2":"type-product","3":"status-publish","4":"has-post-thumbnail","6":"product_cat-e14-spuldzes","8":"first","9":"outofstock","10":"taxable","11":"shipping-taxable","12":"purchasable","13":"product-type-simple"},"jetpack_sharing_enabled":true,"_links":{"self":[{"href":"https:\/\/ddt.lv\/lv\/wp-json\/wp\/v2\/product\/27168"}],"collection":[{"href":"https:\/\/ddt.lv\/lv\/wp-json\/wp\/v2\/product"}],"about":[{"href":"https:\/\/ddt.lv\/lv\/wp-json\/wp\/v2\/types\/product"}],"replies":[{"embeddable":true,"href":"https:\/\/ddt.lv\/lv\/wp-json\/wp\/v2\/comments?post=27168"}],"wp:featuredmedia":[{"embeddable":true,"href":"https:\/\/ddt.lv\/lv\/wp-json\/wp\/v2\/media\/27178"}],"wp:attachment":[{"href":"https:\/\/ddt.lv\/lv\/wp-json\/wp\/v2\/media?parent=27168"}],"wp:term":[{"taxonomy":"product_cat","embeddable":true,"href":"https:\/\/ddt.lv\/lv\/wp-json\/wp\/v2\/product_cat?post=27168"},{"taxonomy":"product_tag","embeddable":true,"href":"https:\/\/ddt.lv\/lv\/wp-json\/wp\/v2\/product_tag?post=27168"},{"taxonomy":"yst_prominent_words","embeddable":true,"href":"https:\/\/ddt.lv\/lv\/wp-json\/wp\/v2\/yst_prominent_words?post=27168"}],"curies":[{"name":"wp","href":"https:\/\/api.w.org\/{rel}","templated":true}]}}