{"id":27153,"date":"2021-06-15T14:30:10","date_gmt":"2021-06-15T11:30:10","guid":{"rendered":"https:\/\/ddt.lv\/lv\/product\/celojumu-gazes-balonu-plitina-deglis-camping\/"},"modified":"2026-04-01T00:17:39","modified_gmt":"2026-03-31T21:17:39","slug":"celojumu-gazes-balonu-plitina-deglis-camping","status":"publish","type":"product","link":"https:\/\/ddt.lv\/lv\/product\/celojumu-gazes-balonu-plitina-deglis-camping\/","title":{"rendered":"Ce\u013cojumu g\u0101zes balonu pl\u012bti\u0146a\/deglis 35544 CAMPING, sader\u012bgs ar 557213 vai 35322"},"content":{"rendered":"<p>G\u0101zes pl\u012bts ir kompakta un pied\u0101v\u0101 pietiekami daudz jaudas, lai pagatavotu \u0113dienu vair\u0101kiem cilv\u0113kiem. Iztur\u012bgs gredzens nodro\u0161ina augstu stabilit\u0101ti. Lielais liesmas aplis ir ide\u0101ls \u0113diena gatavo\u0161anai vai cep\u0161anai ar lieliem katliem. Vad\u012bbas v\u0101rsts \u013cauj prec\u012bzi noregul\u0113t liesmu. Vad\u012bbas v\u0101rsts ar spiediena regulatoru nodro\u0161ina past\u0101v\u012bgu izejas jaudu, kad tas ir auksts vai g\u0101zes kasetne ir gandr\u012bz tuk\u0161a.<br \/>\n\u2022 Regul\u0113jami ar vad\u012bbas v\u0101rstu<br \/>\n\u2022 Stabila plastmasas konstrukcija<br \/>\n\u2022 Iztur\u012bgs un iztur\u012bgs korpuss<br \/>\n\u2022 Kompakts un viegls<br \/>\n\u2022 Savietojams ar vis\u0101m parastaj\u0101m 190 g g\u0101zes kasetn\u0113m<br \/>\nDegviela: 190 g g\u0101zes patrona (but\u0101na-prop\u0101na mais\u012bjums)<br \/>\nG\u0101zes pat\u0113ri\u0146\u0161: 62 g \/ h<br \/>\nMaks. Jauda: 0,8 KW<br \/>\nSiltuma efektivit\u0101te: 53%<\/p>\n<p>Sader\u012bgs g\u0101zes rezervu\u0101rs kods: 35322 vai 557213<\/p>","protected":false},"excerpt":{"rendered":"<p>G\u0101zes pl\u012bts ir kompakta un pied\u0101v\u0101 pietiekami daudz jaudas, lai pagatavotu \u0113dienu vair\u0101kiem cilv\u0113kiem. Iztur\u012bgs gredzens nodro\u0161ina augstu stabilit\u0101ti. Lielais liesmas aplis ir ide\u0101ls \u0113diena gatavo\u0161anai vai cep\u0161anai ar lieliem katliem. Vad\u012bbas v\u0101rsts \u013cauj prec\u012bzi noregul\u0113t liesmu. Vad\u012bbas v\u0101rsts ar spiediena regulatoru nodro\u0161ina past\u0101v\u012bgu izejas jaudu, kad tas ir auksts vai g\u0101zes kasetne ir gandr\u012bz [&hellip;]<\/p>\n","protected":false},"featured_media":27154,"comment_status":"closed","ping_status":"closed","template":"","meta":{"inline_featured_image":false},"product_cat":[1584,772,917],"product_tag":[],"yst_prominent_words":[],"class_list":{"0":"post-27153","1":"product","2":"type-product","3":"status-publish","4":"has-post-thumbnail","6":"product_cat-grilli-gazes-plitinas-degli","7":"product_cat-atlaides","8":"product_cat-gazes-baloni-plitinas-degli","10":"first","11":"instock","12":"sale","13":"taxable","14":"shipping-taxable","15":"purchasable","16":"product-type-simple"},"jetpack_sharing_enabled":true,"_links":{"self":[{"href":"https:\/\/ddt.lv\/lv\/wp-json\/wp\/v2\/product\/27153"}],"collection":[{"href":"https:\/\/ddt.lv\/lv\/wp-json\/wp\/v2\/product"}],"about":[{"href":"https:\/\/ddt.lv\/lv\/wp-json\/wp\/v2\/types\/product"}],"replies":[{"embeddable":true,"href":"https:\/\/ddt.lv\/lv\/wp-json\/wp\/v2\/comments?post=27153"}],"wp:featuredmedia":[{"embeddable":true,"href":"https:\/\/ddt.lv\/lv\/wp-json\/wp\/v2\/media\/27154"}],"wp:attachment":[{"href":"https:\/\/ddt.lv\/lv\/wp-json\/wp\/v2\/media?parent=27153"}],"wp:term":[{"taxonomy":"product_cat","embeddable":true,"href":"https:\/\/ddt.lv\/lv\/wp-json\/wp\/v2\/product_cat?post=27153"},{"taxonomy":"product_tag","embeddable":true,"href":"https:\/\/ddt.lv\/lv\/wp-json\/wp\/v2\/product_tag?post=27153"},{"taxonomy":"yst_prominent_words","embeddable":true,"href":"https:\/\/ddt.lv\/lv\/wp-json\/wp\/v2\/yst_prominent_words?post=27153"}],"curies":[{"name":"wp","href":"https:\/\/api.w.org\/{rel}","templated":true}]}}